{"id":623,"date":"2022-07-08T13:46:21","date_gmt":"2022-07-08T13:46:21","guid":{"rendered":"https:\/\/startersites.io\/elementor\/cleaning-service\/?page_id=623"},"modified":"2026-02-02T08:17:43","modified_gmt":"2026-02-02T08:17:43","slug":"about","status":"publish","type":"page","link":"https:\/\/uaevac.com\/index.php\/about\/","title":{"rendered":"About"},"content":{"rendered":"\t\t<div data-elementor-type=\"wp-page\" data-elementor-id=\"623\" class=\"elementor elementor-623\">\n\t\t\t\t<div class=\"elementor-element elementor-element-aef69a1 e-flex e-con-boxed e-con e-parent\" data-id=\"aef69a1\" data-element_type=\"container\" data-e-type=\"container\" data-settings=\"{&quot;background_background&quot;:&quot;classic&quot;}\">\n\t\t\t\t\t<div class=\"e-con-inner\">\n\t\t\t\t<div class=\"elementor-element elementor-element-f39d439 elementor-widget elementor-widget-heading\" data-id=\"f39d439\" data-element_type=\"widget\" data-e-type=\"widget\" data-widget_type=\"heading.default\">\n\t\t\t\t\t<h2 class=\"elementor-heading-title elementor-size-default\">Hakk\u0131m\u0131zda<\/h2>\t\t\t\t<\/div>\n\t\t\t\t\t<\/div>\n\t\t\t\t<\/div>\n\t\t<div class=\"elementor-element elementor-element-167b9a7 e-con-full e-flex e-con e-parent\" data-id=\"167b9a7\" data-element_type=\"container\" data-e-type=\"container\">\n\t\t<div class=\"elementor-element elementor-element-d9d0de6 e-con-full e-flex e-con e-child\" data-id=\"d9d0de6\" data-element_type=\"container\" data-e-type=\"container\">\n\t\t\t\t<div class=\"elementor-element elementor-element-9f02a38 elementor-widget-tablet__width-inherit elementor-widget elementor-widget-heading\" data-id=\"9f02a38\" data-element_type=\"widget\" data-e-type=\"widget\" data-widget_type=\"heading.default\">\n\t\t\t\t\t<h2 class=\"elementor-heading-title elementor-size-default\">FAMOUS GLOBAL GROUP<\/h2>\t\t\t\t<\/div>\n\t\t\t\t<div class=\"elementor-element elementor-element-a34f8ad elementor-widget elementor-widget-text-editor\" data-id=\"a34f8ad\" data-element_type=\"widget\" data-e-type=\"widget\" data-widget_type=\"text-editor.default\">\n\t\t\t\t\t\t\t\t\t<p>Famous Global Group, k\u00fcresel \u00f6l\u00e7ekte de\u011fer \u00fcreten, yenilik\u00e7i ve \u00e7\u00f6z\u00fcm odakl\u0131 bak\u0131\u015f a\u00e7\u0131s\u0131 ile farkl\u0131 sekt\u00f6rlerde s\u00fcrd\u00fcr\u00fclebilir hizmetler sunan uluslararas\u0131 bir yap\u0131d\u0131r. Kuruldu\u011fumuz g\u00fcnden bu yana kalite, g\u00fcven ve s\u00fcrekli geli\u015fim ilkeleri do\u011frultusunda ilerleyerek, d\u00fcnya standartlar\u0131nda hizmet vermeyi ve global i\u015f birlikleri olu\u015fturmay\u0131 hedefliyoruz.<\/p><p>Uluslararas\u0131 ve yerel i\u015f ortaklar\u0131m\u0131za, geli\u015fmi\u015f teknolojik altyap\u0131m\u0131z ve 20 y\u0131l\u0131 a\u015fk\u0131n uzmanl\u0131\u011f\u0131m\u0131zla g\u00fcvenilir, h\u0131zl\u0131 ve kesintisiz vize hizmetleri sunuyor, s\u00fcre\u00e7leri daha eri\u015filebilir ve verimli h\u00e2le getiriyoruz. M\u00fc\u015fteri deneyimini her zaman \u00f6n planda tutarak, karma\u015f\u0131k s\u00fcre\u00e7leri sadele\u015ftiren ve y\u00fcksek verimlilik sa\u011flayan \u00e7\u00f6z\u00fcmler geli\u015ftiriyoruz.<\/p><p>Global perspektifimizi yerel uzmanl\u0131kla birle\u015ftirerek, farkl\u0131 pazarlara uyum sa\u011flayabilen g\u00fc\u00e7l\u00fc stratejiler olu\u015fturuyor; i\u015f ortaklar\u0131m\u0131z i\u00e7in y\u00fcksek katma de\u011fer yaratan projelere imza at\u0131yoruz. \u0130novasyona, teknolojiye ve insan odakl\u0131 \u00e7al\u0131\u015fmaya yapt\u0131\u011f\u0131m\u0131z yat\u0131r\u0131mlar, s\u00fcrd\u00fcr\u00fclebilir ba\u015far\u0131m\u0131z\u0131n temelini olu\u015fturuyor.<\/p><p>Famous Global Group olarak vizyonumuz; faaliyet g\u00f6sterdi\u011fimiz her co\u011frafyada g\u00fcvenilen, tercih edilen ve fark yaratan bir d\u00fcnya markas\u0131 olmakt\u0131r. Misyonumuz ise kaliteyi, yenili\u011fi ve s\u00fcrd\u00fcr\u00fclebilirli\u011fi oda\u011f\u0131na alan hizmet anlay\u0131\u015f\u0131m\u0131zla, uluslararas\u0131 arenada kal\u0131c\u0131 ba\u015far\u0131lar elde etmektir.<\/p><p>Famous Global Group is an international organization that delivers sustainable, innovative, and solution-oriented services across a wide range of sectors. Since the day we were founded, we have been committed to the principles of quality, trust, and continuous improvement, aiming to provide world-class services and build strong global partnerships.<\/p><p>With over 20 years of expertise and our advanced technological infrastructure, we offer reliable, fast, and seamless visa services to our international and local business partners, making complex processes more accessible and highly efficient. By prioritizing customer experience, we develop solutions that simplify procedures and deliver measurable value.<\/p><p>Combining our global perspective with local expertise, we create robust strategies capable of adapting to diverse markets and generate high value for our partners through impactful projects. Our investments in innovation, technology, and people-centric management serve as the foundation of our long-term success.<\/p><p>At Famous Global Group, our vision is to become a trusted, preferred, and influential global brand in every market we operate in. Our mission is to achieve lasting success worldwide through a service approach built on quality, innovation, and sustainability.<\/p>\t\t\t\t\t\t\t\t<\/div>\n\t\t\t\t<\/div>\n\t\t\t\t<\/div>\n\t\t<div class=\"elementor-element elementor-element-4be8635 e-flex e-con-boxed e-con e-parent\" data-id=\"4be8635\" data-element_type=\"container\" data-e-type=\"container\">\n\t\t\t\t\t<div class=\"e-con-inner\">\n\t\t\t\t<div class=\"elementor-element elementor-element-88e4ffb elementor-widget__width-initial elementor-widget-mobile__width-inherit elementor-widget elementor-widget-image\" data-id=\"88e4ffb\" data-element_type=\"widget\" data-e-type=\"widget\" data-widget_type=\"image.default\">\n\t\t\t\t\t\t\t\t\t\t\t\t\t\t\t<img fetchpriority=\"high\" decoding=\"async\" width=\"570\" height=\"105\" src=\"https:\/\/uaevac.com\/wp-content\/uploads\/2025\/12\/THY-LOGO.png\" class=\"attachment-large size-large wp-image-1334\" alt=\"\" srcset=\"https:\/\/uaevac.com\/wp-content\/uploads\/2025\/12\/THY-LOGO.png 570w, https:\/\/uaevac.com\/wp-content\/uploads\/2025\/12\/THY-LOGO-300x55.png 300w\" sizes=\"(max-width: 570px) 100vw, 570px\" \/>\t\t\t\t\t\t\t\t\t\t\t\t\t\t\t<\/div>\n\t\t\t\t<div class=\"elementor-element elementor-element-84a268a elementor-widget__width-initial elementor-widget-mobile__width-inherit elementor-widget elementor-widget-image\" data-id=\"84a268a\" data-element_type=\"widget\" data-e-type=\"widget\" data-widget_type=\"image.default\">\n\t\t\t\t\t\t\t\t\t\t\t\t\t\t\t<img decoding=\"async\" width=\"500\" height=\"177\" src=\"https:\/\/uaevac.com\/wp-content\/uploads\/2025\/12\/FGG_Logo500-kopyasi-1.jpg\" class=\"attachment-large size-large wp-image-1337\" alt=\"\" srcset=\"https:\/\/uaevac.com\/wp-content\/uploads\/2025\/12\/FGG_Logo500-kopyasi-1.jpg 500w, https:\/\/uaevac.com\/wp-content\/uploads\/2025\/12\/FGG_Logo500-kopyasi-1-300x106.jpg 300w\" sizes=\"(max-width: 500px) 100vw, 500px\" \/>\t\t\t\t\t\t\t\t\t\t\t\t\t\t\t<\/div>\n\t\t\t\t<div class=\"elementor-element elementor-element-5bbb737 elementor-widget__width-initial elementor-widget-mobile__width-inherit elementor-widget elementor-widget-image\" data-id=\"5bbb737\" data-element_type=\"widget\" data-e-type=\"widget\" data-widget_type=\"image.default\">\n\t\t\t\t\t\t\t\t\t\t\t\t\t\t\t<img decoding=\"async\" width=\"1024\" height=\"198\" src=\"https:\/\/uaevac.com\/wp-content\/uploads\/2025\/12\/logo-marhaba-1024x198.jpg\" class=\"attachment-large size-large wp-image-1335\" alt=\"\" srcset=\"https:\/\/uaevac.com\/wp-content\/uploads\/2025\/12\/logo-marhaba-1024x198.jpg 1024w, https:\/\/uaevac.com\/wp-content\/uploads\/2025\/12\/logo-marhaba-300x58.jpg 300w, https:\/\/uaevac.com\/wp-content\/uploads\/2025\/12\/logo-marhaba-768x149.jpg 768w, https:\/\/uaevac.com\/wp-content\/uploads\/2025\/12\/logo-marhaba.jpg 1280w\" sizes=\"(max-width: 1024px) 100vw, 1024px\" \/>\t\t\t\t\t\t\t\t\t\t\t\t\t\t\t<\/div>\n\t\t\t\t\t<\/div>\n\t\t\t\t<\/div>\n\t\t\t\t<\/div>\n\t\t","protected":false},"excerpt":{"rendered":"<p>Hakk\u0131m\u0131zda FAMOUS GLOBAL GROUP Famous Global Group, k\u00fcresel \u00f6l\u00e7ekte de\u011fer \u00fcreten, yenilik\u00e7i ve \u00e7\u00f6z\u00fcm odakl\u0131 bak\u0131\u015f a\u00e7\u0131s\u0131 ile farkl\u0131 sekt\u00f6rlerde s\u00fcrd\u00fcr\u00fclebilir hizmetler sunan uluslararas\u0131 bir yap\u0131d\u0131r. Kuruldu\u011fumuz g\u00fcnden bu yana kalite, g\u00fcven ve s\u00fcrekli geli\u015fim ilkeleri do\u011frultusunda ilerleyerek, d\u00fcnya standartlar\u0131nda hizmet vermeyi ve global i\u015f birlikleri olu\u015fturmay\u0131 hedefliyoruz. Uluslararas\u0131 ve yerel i\u015f ortaklar\u0131m\u0131za, geli\u015fmi\u015f teknolojik [&hellip;]<\/p>\n","protected":false},"author":1,"featured_media":0,"parent":0,"menu_order":0,"comment_status":"closed","ping_status":"closed","template":"","meta":{"footnotes":""},"class_list":["post-623","page","type-page","status-publish","hentry"],"blocksy_meta":{"page_title_panel":"","has_hero_section":"disabled","611c92d935758790a591783e16fbb041":"","hero_section":"type-1","hero_elements":[{"id":"custom_title","enabled":true,"heading_tag":"h1","title":"Home"},{"id":"custom_description","enabled":true,"description_visibility":{"desktop":true,"tablet":true,"mobile":false}},{"id":"custom_meta","enabled":false,"meta_elements":[{"id":"author","enabled":true,"label":"By","has_author_avatar":"yes","avatar_size":25},{"id":"post_date","enabled":true,"label":"On","date_format_source":"default","date_format":"M j, Y"},{"id":"updated_date","enabled":false,"label":"On","date_format_source":"default","date_format":"M j, Y"},{"id":"categories","enabled":false,"label":"In","style":"simple"},{"id":"comments","enabled":true}],"page_meta_elements":{"joined":true,"articles_count":true,"comments":true}},{"id":"breadcrumbs","enabled":false}],"46e8d3be9da0d1b82f8af8a9cd0f710d":"","hero_alignment1":"CT_CSS_SKIP_RULE","hero_margin":40,"hero_alignment2":"center","hero_vertical_alignment":"center","362640cecb7f38c45fc0d1a335915791":"","hero_structure":"narrow","e336875188121c375021e4fb0e81c0bb":"","page_title_bg_type":"featured_image","custom_hero_background":{"attachment_id":null},"page_title_image_size":"full","parallax":{"desktop":false,"tablet":false,"mobile":false},"57e5570a8110099c3e979646c8607ab1":"","hero_height":"250px","pageTitleFont":{"family":"Default","variation":"Default","size":"30px","line-height":"CT_CSS_SKIP_RULE","letter-spacing":"CT_CSS_SKIP_RULE","text-transform":"CT_CSS_SKIP_RULE","text-decoration":"CT_CSS_SKIP_RULE"},"pageTitleFontColor":{"default":{"color":"CT_CSS_SKIP_RULEDEFAULT"}},"pageMetaFont":{"family":"Default","variation":"n6","size":"12px","line-height":"1.3","letter-spacing":"CT_CSS_SKIP_RULE","text-transform":"uppercase","text-decoration":"CT_CSS_SKIP_RULE"},"pageMetaFontColor":{"default":{"color":"CT_CSS_SKIP_RULEDEFAULT"},"hover":{"color":"CT_CSS_SKIP_RULEDEFAULT"}},"page_meta_button_type_font_colors":{"default":{"color":"CT_CSS_SKIP_RULEDEFAULT"},"hover":{"color":"CT_CSS_SKIP_RULEDEFAULT"}},"page_meta_button_type_background_colors":{"default":{"color":"CT_CSS_SKIP_RULEDEFAULT"},"hover":{"color":"CT_CSS_SKIP_RULEDEFAULT"}},"pageExcerptFont":{"family":"Default","variation":"Default","size":"CT_CSS_SKIP_RULE","line-height":"CT_CSS_SKIP_RULE","letter-spacing":"CT_CSS_SKIP_RULE","text-transform":"CT_CSS_SKIP_RULE","text-decoration":"CT_CSS_SKIP_RULE"},"pageExcerptColor":{"default":{"color":"CT_CSS_SKIP_RULEDEFAULT"}},"breadcrumbsFont":{"family":"Default","variation":"Default","size":"CT_CSS_SKIP_RULE","line-height":"CT_CSS_SKIP_RULE","letter-spacing":"CT_CSS_SKIP_RULE","text-transform":"CT_CSS_SKIP_RULE","text-decoration":"CT_CSS_SKIP_RULE"},"breadcrumbsFontColor":{"default":{"color":"CT_CSS_SKIP_RULEDEFAULT"},"initial":{"color":"CT_CSS_SKIP_RULEDEFAULT"},"hover":{"color":"CT_CSS_SKIP_RULEDEFAULT"}},"pageTitleOverlay":{"background_type":"color","background_pattern":"type-1","background_image":{"attachment_id":null,"x":0,"y":0},"gradient":"linear-gradient(135deg,rgba(6,147,227,1) 0%,rgb(155,81,224) 100%)","background_repeat":"repeat","background_size":"auto","background_attachment":"scroll","patternColor":{"default":{"color":"#e5e7ea"}},"overlayColor":{"default":{"color":"CT_CSS_SKIP_RULE"}},"backgroundColor":{"default":{"color":"CT_CSS_SKIP_RULE"}}},"pageTitleBackground":{"background_type":"color","background_pattern":"type-1","background_image":{"attachment_id":null,"x":0,"y":0},"gradient":"linear-gradient(135deg,rgba(6,147,227,1) 0%,rgb(155,81,224) 100%)","background_repeat":"repeat","background_size":"auto","background_attachment":"scroll","patternColor":{"default":{"color":"#e5e7ea"}},"overlayColor":{"default":{"color":"CT_CSS_SKIP_RULE"}},"backgroundColor":{"default":{"color":"var(--theme-palette-color-6)"}}},"pageTitlePadding":{"top":"50px","bottom":"50px","left":"auto","right":"auto","linked":true},"3ca83537ec355e8d63870a30117b1ce8":"","page_structure_type":"default","dcdc5c66dddca70118f5ac7cc86bba1b":"","content_style_source":"inherit","content_style":"wide","vertical_spacing_source":"custom","content_area_spacing":"none","background":{"background_type":"color","background_pattern":"type-1","background_image":{"attachment_id":null,"x":0,"y":0},"gradient":"linear-gradient(135deg,rgba(6,147,227,1) 0%,rgb(155,81,224) 100%)","background_repeat":"repeat","background_size":"auto","background_attachment":"scroll","patternColor":{"default":{"color":"#e5e7ea"}},"overlayColor":{"default":{"color":"CT_CSS_SKIP_RULE"}},"backgroundColor":{"default":{"color":"CT_CSS_SKIP_RULE"}}},"content_background":{"background_type":"color","background_pattern":"type-1","background_image":{"attachment_id":null,"x":0,"y":0},"gradient":"linear-gradient(135deg,rgba(6,147,227,1) 0%,rgb(155,81,224) 100%)","background_repeat":"repeat","background_size":"auto","background_attachment":"scroll","patternColor":{"default":{"color":"#e5e7ea"}},"overlayColor":{"default":{"color":"CT_CSS_SKIP_RULE"}},"backgroundColor":{"default":{"color":"var(--theme-palette-color-8)"}}},"content_boxed_shadow":{"inherit":false,"blur":18,"spread":-6,"v_offset":12,"h_offset":0,"inset":false,"enable":true,"color":{"color":"rgba(34, 56, 101, 0.04)"}},"content_boxed_border":{"width":1,"style":"none","color":{"color":"rgba(44,62,80,0.2)"}},"content_boxed_radius":{"top":"3px","bottom":"3px","left":"3px","right":"3px","linked":true},"boxed_content_spacing":{"desktop":{"top":"40px","bottom":"40px","left":"40px","right":"40px","linked":true},"tablet":{"top":"35px","bottom":"35px","left":"35px","right":"35px","linked":true},"mobile":{"top":"20px","bottom":"20px","left":"20px","right":"20px","linked":true}},"e7c68c01908467f471590cb05016567f":"","disable_featured_image":"no","disable_share_box":"no","disable_header":"no","disable_footer":"no","styles_descriptor":{"styles":{"desktop":"","tablet":"","mobile":""},"google_fonts":[],"version":6}},"_links":{"self":[{"href":"https:\/\/uaevac.com\/index.php\/wp-json\/wp\/v2\/pages\/623","targetHints":{"allow":["GET"]}}],"collection":[{"href":"https:\/\/uaevac.com\/index.php\/wp-json\/wp\/v2\/pages"}],"about":[{"href":"https:\/\/uaevac.com\/index.php\/wp-json\/wp\/v2\/types\/page"}],"author":[{"embeddable":true,"href":"https:\/\/uaevac.com\/index.php\/wp-json\/wp\/v2\/users\/1"}],"replies":[{"embeddable":true,"href":"https:\/\/uaevac.com\/index.php\/wp-json\/wp\/v2\/comments?post=623"}],"version-history":[{"count":0,"href":"https:\/\/uaevac.com\/index.php\/wp-json\/wp\/v2\/pages\/623\/revisions"}],"wp:attachment":[{"href":"https:\/\/uaevac.com\/index.php\/wp-json\/wp\/v2\/media?parent=623"}],"curies":[{"name":"wp","href":"https:\/\/api.w.org\/{rel}","templated":true}]}}