{"id":3747,"date":"2026-02-26T07:48:06","date_gmt":"2026-02-26T07:48:06","guid":{"rendered":"https:\/\/uaevac.com\/?page_id=3747"},"modified":"2026-02-26T12:22:44","modified_gmt":"2026-02-26T12:22:44","slug":"insurance","status":"publish","type":"page","link":"https:\/\/uaevac.com\/index.php\/insurance\/","title":{"rendered":"Insurance"},"content":{"rendered":"\t\t<div data-elementor-type=\"wp-page\" data-elementor-id=\"3747\" class=\"elementor elementor-3747\">\n\t\t\t\t<div class=\"elementor-element elementor-element-92bba0e e-flex e-con-boxed e-con e-parent\" data-id=\"92bba0e\" data-element_type=\"container\" data-e-type=\"container\" data-settings=\"{&quot;background_background&quot;:&quot;classic&quot;}\">\n\t\t\t\t\t<div class=\"e-con-inner\">\n\t\t\t\t<div class=\"elementor-element elementor-element-f941f7d elementor-widget elementor-widget-heading\" data-id=\"f941f7d\" data-element_type=\"widget\" data-e-type=\"widget\" data-widget_type=\"heading.default\">\n\t\t\t\t\t<h2 class=\"elementor-heading-title elementor-size-default\">Sigorta Hizmetleri<\/h2>\t\t\t\t<\/div>\n\t\t\t\t\t<\/div>\n\t\t\t\t<\/div>\n\t\t<div class=\"elementor-element elementor-element-741a0a6 e-flex e-con-boxed e-con e-parent\" data-id=\"741a0a6\" data-element_type=\"container\" data-e-type=\"container\">\n\t\t\t\t\t<div class=\"e-con-inner\">\n\t\t<div class=\"elementor-element elementor-element-92cfaf2 e-con-full e-flex e-con e-child\" data-id=\"92cfaf2\" data-element_type=\"container\" data-e-type=\"container\">\n\t\t\t\t<div class=\"elementor-element elementor-element-6a10a3c elementor-widget elementor-widget-heading\" data-id=\"6a10a3c\" data-element_type=\"widget\" data-e-type=\"widget\" data-widget_type=\"heading.default\">\n\t\t\t\t\t<h2 class=\"elementor-heading-title elementor-size-default\">Seyahat Sa\u011fl\u0131k Sigortas\u0131<\/h2>\t\t\t\t<\/div>\n\t\t\t\t<div class=\"elementor-element elementor-element-2458709 elementor-widget elementor-widget-icon-box\" data-id=\"2458709\" data-element_type=\"widget\" data-e-type=\"widget\" data-widget_type=\"icon-box.default\">\n\t\t\t\t\t\t\t<div class=\"elementor-icon-box-wrapper\">\n\n\t\t\t\n\t\t\t\t\t\t<div class=\"elementor-icon-box-content\">\n\n\t\t\t\t\n\t\t\t\t\t\t\t\t\t<p class=\"elementor-icon-box-description\">\n\t\t\t\t\t\tG\u00fcvenle ve Huzurla Seyahatinizi G\u00fcvenceye Al\u0131n.\t\t\t\t\t<\/p>\n\t\t\t\t\n\t\t\t<\/div>\n\t\t\t\n\t\t<\/div>\n\t\t\t\t\t\t<\/div>\n\t\t\t\t<\/div>\n\t\t<div class=\"elementor-element elementor-element-869f2ac e-flex e-con-boxed e-con e-child\" data-id=\"869f2ac\" data-element_type=\"container\" data-e-type=\"container\">\n\t\t\t\t\t<div class=\"e-con-inner\">\n\t\t<div class=\"elementor-element elementor-element-ffc21b9 e-con-full e-flex e-con e-child\" data-id=\"ffc21b9\" data-element_type=\"container\" data-e-type=\"container\">\n\t\t\t\t<div class=\"elementor-element elementor-element-7561f40 elementor-view-default elementor-position-block-start elementor-mobile-position-block-start elementor-widget elementor-widget-icon-box\" data-id=\"7561f40\" data-element_type=\"widget\" data-e-type=\"widget\" data-widget_type=\"icon-box.default\">\n\t\t\t\t\t\t\t<div class=\"elementor-icon-box-wrapper\">\n\n\t\t\t\t\t\t<div class=\"elementor-icon-box-icon\">\n\t\t\t\t<span  class=\"elementor-icon\">\n\t\t\t\t<svg xmlns=\"http:\/\/www.w3.org\/2000\/svg\" xmlns:xlink=\"http:\/\/www.w3.org\/1999\/xlink\" fill=\"#000000\" id=\"Capa_1\" width=\"800px\" height=\"800px\" viewBox=\"0 0 123.167 123.168\" xml:space=\"preserve\"><g>\t<g>\t\t<path d=\"M58.384,6.328C49.422,5.984,22,15.498,17.717,18.974c-1.39,1.128-0.826,3.253-0.196,3.967    c2.564,3.268,21.2-2.714,22.596-3.078c4.378-1.089,17.617-3.965,18.122,0.706c-9.781,0.486-14.084,3.228-14.153,4.741    c-0.094,2.043,2.26,2.431,4.147,2.607c4.086,0.384,9.5-0.46,14.289,0.217c10.77,1.524,14.72,0.753,22.419-3.997    c1.521-0.938,5.502-1.618,9.261-1.929V4.325c-8.047,1.35-17.456,2.076-21.4,2.058C67.994,6.357,63.182,6.512,58.384,6.328z\"><\/path>\t\t<path d=\"M96.092,0v24.709h10.22V0H96.092z M101.468,6.353c-1.246,0-2.258-1.01-2.258-2.257c0-1.248,1.012-2.258,2.258-2.258    c1.247,0,2.259,1.01,2.259,2.258C103.727,5.343,102.715,6.353,101.468,6.353z\"><\/path>\t\t<g>\t\t\t<circle cx=\"44.162\" cy=\"41.578\" r=\"9.413\"><\/circle>\t\t\t<circle cx=\"66.896\" cy=\"43.834\" r=\"9.152\"><\/circle>\t\t\t<path d=\"M86.295,80.755c-2.125-14.494-5.342-20.698-13.24-25.54c-0.154-0.094-2.639-1.411-3.807-1.698l-2.281,2.295l-2.21-2.321     c-0.008,0.001-0.016,0.003-0.022,0.004c-1.691,0.405-5.777,3.044-7.917,5.086c-1.711-2.048-3.781-3.743-6.321-5.301     c-0.157-0.097-2.715-1.45-3.915-1.746l-2.345,2.361l-2.273-2.387c-0.008,0.002-0.015,0.003-0.023,0.005     c-1.616,0.556-3.051,1.39-4.752,2.537c-7.256,4.88-10.348,11.349-12.423,25.498c-0.292,1.996,1.089,3.853,3.086,4.146     c0.18,0.025,0.358,0.039,0.535,0.039c1.783,0,3.345-1.308,3.611-3.125c0.747-5.088,1.61-8.809,2.606-11.619v11.508     c0,0.982,0.19,1.9,0.526,2.742c-0.026,0.19-0.044,0.383-0.044,0.578l3.352,34.994c0,2.385,1.933,4.317,4.319,4.317h5.828h0.811     l0.011-24.805l-0.411-1.739v-9.096c-0.757,1.324-1.463,5.158-1.463,8.179c0,1.251-1.014,2.265-2.266,2.265     c-0.362,0-0.7-0.092-1.003-0.242l-0.541-0.439c-0.4-0.409-0.647-0.966-0.647-1.583c0-2.286,0.239-4.271,0.646-5.993l0.232-0.883     c2.443-8.574,9.198-10.113,10.082-10.324c0.005,0,0.011-0.001,0.016-0.004l1.478,1.553l1.477-1.553     c0.006,0.003,0.013,0.004,0.017,0.004c1.08,0.258,10.96,2.498,10.96,17.2c0,1.251-1.014,2.265-2.267,2.265     c-1.251,0-2.265-1.014-2.265-2.265c0-3.021-0.706-6.854-1.465-8.179v9.179l-0.406,1.657l0.002,24.805h0.688h6.468h0.001     c2.318,0,4.197-1.879,4.197-4.199l2.525-18.199l4.64,0.004l-3.77-25.948v-5.349c1.138,2.836,2.105,6.737,2.93,12.347     c0.26,1.767,1.776,3.04,3.511,3.04c0.172,0,0.345-0.014,0.52-0.04C85.238,84.5,86.58,82.695,86.295,80.755z M55.528,78.107     c-3.491-0.033-6.31-2.873-6.31-6.369c0-3.498,2.819-6.336,6.31-6.369c3.491,0.033,6.31,2.871,6.31,6.369     S59.02,78.074,55.528,78.107z\"><\/path>\t\t\t<path d=\"M55.396,99.691l-0.124-0.004c-0.012-0.002-0.023-0.002-0.034-0.002c-0.229,0-0.447,0.088-0.614,0.25     c-0.173,0.166-0.271,0.396-0.271,0.635l0.003,22.598h2.415l0.001-22.598c0-0.239-0.097-0.469-0.27-0.635     c-0.166-0.162-0.386-0.25-0.615-0.25c-0.011,0-0.021,0-0.034,0.002\"><\/path>\t\t<\/g>\t<\/g><\/g><\/svg>\t\t\t\t<\/span>\n\t\t\t<\/div>\n\t\t\t\n\t\t\t\t\t\t<div class=\"elementor-icon-box-content\">\n\n\t\t\t\t\n\t\t\t\t\t\t\t\t\t<p class=\"elementor-icon-box-description\">\n\t\t\t\t\t\tBirle\u015fik Arap Emirlikleri \u2019ne yapaca\u011f\u0131n\u0131z seyahatiniz \u00f6ncesinde, Seyahat Sa\u011fl\u0131k Sigortas\u0131 bulundurulmas\u0131 \u00f6nemlidir. S\u00f6z konusu sigorta, seyahatiniz s\u00fcresince kar\u015f\u0131la\u015f\u0131labilecek sa\u011fl\u0131k risklerine kar\u015f\u0131 sigortal\u0131ya \u00f6nemli bir g\u00fcvence sa\u011flamaktad\u0131r. Yetkili makamlar taraf\u0131ndan talep edilebilecek bu poli\u00e7e, beklenmedik durumlarda kar\u015f\u0131la\u015fabilece\u011finiz y\u00fcksek sa\u011fl\u0131k masraflar\u0131n\u0131 \u00f6nlemenize yard\u0131mc\u0131 olur.\t\t\t\t\t<\/p>\n\t\t\t\t\n\t\t\t<\/div>\n\t\t\t\n\t\t<\/div>\n\t\t\t\t\t\t<\/div>\n\t\t<div class=\"elementor-element elementor-element-374f367 e-flex e-con-boxed e-con e-child\" data-id=\"374f367\" data-element_type=\"container\" data-e-type=\"container\">\n\t\t\t\t\t<div class=\"e-con-inner\">\n\t\t\t\t<div class=\"elementor-element elementor-element-842b5b8 elementor-widget elementor-widget-button\" data-id=\"842b5b8\" data-element_type=\"widget\" data-e-type=\"widget\" data-widget_type=\"button.default\">\n\t\t\t\t\t\t\t\t\t\t<a class=\"elementor-button elementor-button-link elementor-size-sm\" href=\"#popmake-3800\">\n\t\t\t\t\t\t<span class=\"elementor-button-content-wrapper\">\n\t\t\t\t\t\t\t\t\t<span class=\"elementor-button-text\">Bilgi<\/span>\n\t\t\t\t\t<\/span>\n\t\t\t\t\t<\/a>\n\t\t\t\t\t\t\t\t<\/div>\n\t\t\t\t<div class=\"elementor-element elementor-element-49e3e7f elementor-widget elementor-widget-button\" data-id=\"49e3e7f\" data-element_type=\"widget\" data-e-type=\"widget\" data-widget_type=\"button.default\">\n\t\t\t\t\t\t\t\t\t\t<a class=\"elementor-button elementor-button-link elementor-size-sm\" href=\"#popmake-3609\">\n\t\t\t\t\t\t<span class=\"elementor-button-content-wrapper\">\n\t\t\t\t\t\t\t\t\t<span class=\"elementor-button-text\">Teklif Al<\/span>\n\t\t\t\t\t<\/span>\n\t\t\t\t\t<\/a>\n\t\t\t\t\t\t\t\t<\/div>\n\t\t\t\t\t<\/div>\n\t\t\t\t<\/div>\n\t\t\t\t<\/div>\n\t\t\t\t\t<\/div>\n\t\t\t\t<\/div>\n\t\t\t\t\t<\/div>\n\t\t\t\t<\/div>\n\t\t<div class=\"elementor-element elementor-element-810bb32 e-flex e-con-boxed e-con e-parent\" data-id=\"810bb32\" data-element_type=\"container\" data-e-type=\"container\">\n\t\t\t\t\t<div class=\"e-con-inner\">\n\t\t<div class=\"elementor-element elementor-element-a7c1315 e-con-full e-flex e-con e-child\" data-id=\"a7c1315\" data-element_type=\"container\" data-e-type=\"container\">\n\t\t<div class=\"elementor-element elementor-element-515f70b e-con-full e-flex e-con e-child\" data-id=\"515f70b\" data-element_type=\"container\" data-e-type=\"container\">\n\t\t\t\t<div class=\"elementor-element elementor-element-fe1cab0 elementor-widget elementor-widget-image\" data-id=\"fe1cab0\" data-element_type=\"widget\" data-e-type=\"widget\" data-widget_type=\"image.default\">\n\t\t\t\t\t\t\t\t\t\t\t\t\t\t\t<img decoding=\"async\" width=\"300\" height=\"29\" src=\"https:\/\/uaevac.com\/wp-content\/uploads\/2025\/12\/Famous-THY-300x29.png\" class=\"attachment-medium size-medium wp-image-2042\" alt=\"\" srcset=\"https:\/\/uaevac.com\/wp-content\/uploads\/2025\/12\/Famous-THY-300x29.png 300w, https:\/\/uaevac.com\/wp-content\/uploads\/2025\/12\/Famous-THY-768x75.png 768w, https:\/\/uaevac.com\/wp-content\/uploads\/2025\/12\/Famous-THY.png 927w\" sizes=\"(max-width: 300px) 100vw, 300px\" \/>\t\t\t\t\t\t\t\t\t\t\t\t\t\t\t<\/div>\n\t\t\t\t<\/div>\n\t\t\t\t<\/div>\n\t\t\t\t\t<\/div>\n\t\t\t\t<\/div>\n\t\t\t\t<\/div>\n\t\t","protected":false},"excerpt":{"rendered":"<p>Sigorta Hizmetleri Seyahat Sa\u011fl\u0131k Sigortas\u0131 G\u00fcvenle ve Huzurla Seyahatinizi G\u00fcvenceye Al\u0131n. Birle\u015fik Arap Emirlikleri \u2019ne yapaca\u011f\u0131n\u0131z seyahatiniz \u00f6ncesinde, Seyahat Sa\u011fl\u0131k Sigortas\u0131 bulundurulmas\u0131 \u00f6nemlidir. S\u00f6z konusu sigorta, seyahatiniz s\u00fcresince kar\u015f\u0131la\u015f\u0131labilecek sa\u011fl\u0131k risklerine kar\u015f\u0131 sigortal\u0131ya \u00f6nemli bir g\u00fcvence sa\u011flamaktad\u0131r. Yetkili makamlar taraf\u0131ndan talep edilebilecek bu poli\u00e7e, beklenmedik durumlarda kar\u015f\u0131la\u015fabilece\u011finiz y\u00fcksek sa\u011fl\u0131k masraflar\u0131n\u0131 \u00f6nlemenize yard\u0131mc\u0131 olur. Bilgi Teklif [&hellip;]<\/p>\n","protected":false},"author":1,"featured_media":0,"parent":0,"menu_order":0,"comment_status":"closed","ping_status":"closed","template":"","meta":{"footnotes":""},"class_list":["post-3747","page","type-page","status-publish","hentry"],"blocksy_meta":{"has_hero_section":"disabled","styles_descriptor":{"styles":{"desktop":"","tablet":"","mobile":""},"google_fonts":[],"version":6},"vertical_spacing_source":"custom","content_area_spacing":"none"},"_links":{"self":[{"href":"https:\/\/uaevac.com\/index.php\/wp-json\/wp\/v2\/pages\/3747","targetHints":{"allow":["GET"]}}],"collection":[{"href":"https:\/\/uaevac.com\/index.php\/wp-json\/wp\/v2\/pages"}],"about":[{"href":"https:\/\/uaevac.com\/index.php\/wp-json\/wp\/v2\/types\/page"}],"author":[{"embeddable":true,"href":"https:\/\/uaevac.com\/index.php\/wp-json\/wp\/v2\/users\/1"}],"replies":[{"embeddable":true,"href":"https:\/\/uaevac.com\/index.php\/wp-json\/wp\/v2\/comments?post=3747"}],"version-history":[{"count":109,"href":"https:\/\/uaevac.com\/index.php\/wp-json\/wp\/v2\/pages\/3747\/revisions"}],"predecessor-version":[{"id":3923,"href":"https:\/\/uaevac.com\/index.php\/wp-json\/wp\/v2\/pages\/3747\/revisions\/3923"}],"wp:attachment":[{"href":"https:\/\/uaevac.com\/index.php\/wp-json\/wp\/v2\/media?parent=3747"}],"curies":[{"name":"wp","href":"https:\/\/api.w.org\/{rel}","templated":true}]}}