{"id":2305,"date":"2026-01-01T13:30:42","date_gmt":"2026-01-01T13:30:42","guid":{"rendered":"https:\/\/uaevac.com\/?page_id=2305"},"modified":"2026-02-18T08:06:53","modified_gmt":"2026-02-18T08:06:53","slug":"suud-vize","status":"publish","type":"page","link":"https:\/\/uaevac.com\/index.php\/suud-vize\/","title":{"rendered":"SUUD vize"},"content":{"rendered":"\t\t<div data-elementor-type=\"wp-page\" data-elementor-id=\"2305\" class=\"elementor elementor-2305\">\n\t\t\t\t<div class=\"elementor-element elementor-element-0fa7311 e-flex e-con-boxed e-con e-parent\" data-id=\"0fa7311\" data-element_type=\"container\" data-e-type=\"container\" data-settings=\"{&quot;background_background&quot;:&quot;classic&quot;}\">\n\t\t\t\t\t<div class=\"e-con-inner\">\n\t\t\t\t<div class=\"elementor-element elementor-element-f923b24 elementor-widget elementor-widget-heading\" data-id=\"f923b24\" data-element_type=\"widget\" data-e-type=\"widget\" data-widget_type=\"heading.default\">\n\t\t\t\t\t<h2 class=\"elementor-heading-title elementor-size-default\">Suudi Arabistan eVizesi<\/h2>\t\t\t\t<\/div>\n\t\t\t\t\t<\/div>\n\t\t\t\t<\/div>\n\t\t<div class=\"elementor-element elementor-element-d817286 e-flex e-con-boxed e-con e-parent\" data-id=\"d817286\" data-element_type=\"container\" data-e-type=\"container\">\n\t\t\t\t\t<div class=\"e-con-inner\">\n\t\t<div class=\"elementor-element elementor-element-b326f56 e-flex e-con-boxed e-con e-child\" data-id=\"b326f56\" data-element_type=\"container\" data-e-type=\"container\">\n\t\t\t\t\t<div class=\"e-con-inner\">\n\t\t\t\t<div class=\"elementor-element elementor-element-3c12d80 elementor-widget elementor-widget-wpforms\" data-id=\"3c12d80\" data-element_type=\"widget\" data-e-type=\"widget\" data-widget_type=\"wpforms.default\">\n\t\t\t\t<div class=\"elementor-widget-container\">\n\t\t\t\t\t<div class=\"wpforms-container ct-wpforms-inline-fields wpforms-render-modern\" id=\"wpforms-2283\"><form id=\"wpforms-form-2283\" class=\"wpforms-validate wpforms-form wpforms-ajax-form\" data-formid=\"2283\" method=\"post\" enctype=\"multipart\/form-data\" action=\"\/index.php\/wp-json\/wp\/v2\/pages\/2305\" data-token=\"2e706d4887141e4f92199ec7da8949fe\" data-token-time=\"1776514950\"><noscript class=\"wpforms-error-noscript\">Bu formu bitirebilmek i\u00e7in taray\u0131c\u0131n\u0131zda JavaScript&#039;i etkinle\u015ftirin.<\/noscript><div id=\"wpforms-error-noscript\" style=\"display: none;\">Bu formu bitirebilmek i\u00e7in taray\u0131c\u0131n\u0131zda JavaScript&#039;i etkinle\u015ftirin.<\/div><div class=\"wpforms-field-container\"><div id=\"wpforms-2283-field_2-container\" class=\"wpforms-field wpforms-field-name\" data-field-id=\"2\"><label class=\"wpforms-field-label wpforms-label-hide\" for=\"wpforms-2283-field_2\" aria-hidden=\"false\">Ad \/ Soyad <span class=\"wpforms-required-label\" aria-hidden=\"true\">*<\/span><\/label><input type=\"text\" id=\"wpforms-2283-field_2\" class=\"wpforms-field-large wpforms-field-required\" name=\"wpforms[fields][2]\" placeholder=\"Ad\u0131n\u0131z Soyad\u0131n\u0131z *\" aria-errormessage=\"wpforms-2283-field_2-error\" required><\/div><div id=\"wpforms-2283-field_5-container\" class=\"wpforms-field wpforms-field-text\" data-field-id=\"5\"><label class=\"wpforms-field-label wpforms-label-hide\" for=\"wpforms-2283-field_5\" aria-hidden=\"false\">Telefon <span class=\"wpforms-required-label\" aria-hidden=\"true\">*<\/span><\/label><input type=\"text\" id=\"wpforms-2283-field_5\" class=\"wpforms-field-large wpforms-field-required wpforms-masked-input\" data-rule-inputmask-incomplete=\"1\" data-inputmask-mask=\"0 999 999 9999\" name=\"wpforms[fields][5]\" placeholder=\"Telefon Numaran\u0131z *\" aria-errormessage=\"wpforms-2283-field_5-error\" required><\/div><div id=\"wpforms-2283-field_7-container\" class=\"wpforms-field wpforms-field-email\" data-field-id=\"7\"><label class=\"wpforms-field-label wpforms-label-hide\" for=\"wpforms-2283-field_7\" aria-hidden=\"false\">E-posta <span class=\"wpforms-required-label\" aria-hidden=\"true\">*<\/span><\/label><input type=\"email\" id=\"wpforms-2283-field_7\" class=\"wpforms-field-large wpforms-field-required\" name=\"wpforms[fields][7]\" placeholder=\"E-Posta Adresiniz *\" spellcheck=\"false\" aria-errormessage=\"wpforms-2283-field_7-error\" required><\/div>\t\t<div id=\"wpforms-2283-field_1-container\"\n\t\t\tclass=\"wpforms-field wpforms-field-text\"\n\t\t\tdata-field-type=\"text\"\n\t\t\tdata-field-id=\"1\"\n\t\t\t>\n\t\t\t<label class=\"wpforms-field-label\" for=\"wpforms-2283-field_1\" >SA Ad Telefon<\/label>\n\t\t\t<input type=\"text\" id=\"wpforms-2283-field_1\" class=\"wpforms-field-medium\" name=\"wpforms[fields][1]\" >\n\t\t<\/div>\n\t\t<div id=\"wpforms-2283-field_6-container\" class=\"wpforms-field wpforms-field-select wpforms-field-select-style-classic\" data-field-id=\"6\"><label class=\"wpforms-field-label wpforms-label-hide\" for=\"wpforms-2283-field_6\" aria-hidden=\"false\">SA Vize T\u00fcr\u00fc <span class=\"wpforms-required-label\" aria-hidden=\"true\">*<\/span><\/label><select id=\"wpforms-2283-field_6\" class=\"wpforms-field-large wpforms-field-required\" name=\"wpforms[fields][6]\" required=\"required\"><option value=\"\" class=\"placeholder\" disabled  selected='selected'>Vize T\u00fcr\u00fc Se\u00e7iniz *<\/option><option value=\"90 G\u00fcn \u00c7OK Giri\u015fli SUUDI ARABISTAN Vizesi\"  class=\"choice-1 depth-1\"  >90 G\u00fcn \u00c7OK Giri\u015fli SUUDI ARABISTAN Vizesi<\/option><\/select><\/div><script>\n\t\t\t\t( function() {\n\t\t\t\t\tconst style = document.createElement( 'style' );\n\t\t\t\t\tstyle.appendChild( document.createTextNode( '#wpforms-2283-field_1-container { position: absolute !important; overflow: hidden !important; display: inline !important; height: 1px !important; width: 1px !important; z-index: -1000 !important; padding: 0 !important; } #wpforms-2283-field_1-container input { visibility: hidden; } #wpforms-conversational-form-page #wpforms-2283-field_1-container label { counter-increment: none; }' ) );\n\t\t\t\t\tdocument.head.appendChild( style );\n\t\t\t\t\tdocument.currentScript?.remove();\n\t\t\t\t} )();\n\t\t\t<\/script><\/div><!-- .wpforms-field-container --><div class=\"wpforms-submit-container\" ><input type=\"hidden\" name=\"wpforms[id]\" value=\"2283\"><input type=\"hidden\" name=\"page_title\" value=\"\"><input type=\"hidden\" name=\"page_url\" value=\"https:\/\/uaevac.com\/index.php\/wp-json\/wp\/v2\/pages\/2305\"><input type=\"hidden\" name=\"url_referer\" value=\"\"><button type=\"submit\" name=\"wpforms[submit]\" id=\"wpforms-submit-2283\" class=\"wpforms-submit\" data-alt-text=\"G\u00f6nderiliyor...\" data-submit-text=\"Hemen Ba\u015fvur\" aria-live=\"assertive\" value=\"wpforms-submit\">Hemen Ba\u015fvur<\/button><img decoding=\"async\" src=\"https:\/\/uaevac.com\/wp-content\/plugins\/wpforms-lite\/assets\/images\/submit-spin.svg\" class=\"wpforms-submit-spinner\" style=\"display: none;\" width=\"26\" height=\"26\" alt=\"Y\u00fckleniyor\"><\/div><\/form><\/div>  <!-- .wpforms-container -->\t\t\t\t<\/div>\n\t\t\t\t<\/div>\n\t\t\t\t\t<\/div>\n\t\t\t\t<\/div>\n\t\t<div class=\"elementor-element elementor-element-4ad91f1 e-con-full e-flex e-con e-child\" data-id=\"4ad91f1\" data-element_type=\"container\" data-e-type=\"container\">\n\t\t\t\t<div class=\"elementor-element elementor-element-53ba75b elementor-position-inline-start elementor-view-default elementor-mobile-position-block-start elementor-widget elementor-widget-icon-box\" data-id=\"53ba75b\" data-element_type=\"widget\" data-e-type=\"widget\" data-widget_type=\"icon-box.default\">\n\t\t\t\t\t\t\t<div class=\"elementor-icon-box-wrapper\">\n\n\t\t\t\t\t\t<div class=\"elementor-icon-box-icon\">\n\t\t\t\t<span  class=\"elementor-icon\">\n\t\t\t\t<svg aria-hidden=\"true\" class=\"e-font-icon-svg e-fab-expeditedssl\" viewBox=\"0 0 496 512\" xmlns=\"http:\/\/www.w3.org\/2000\/svg\"><path d=\"M248 43.4C130.6 43.4 35.4 138.6 35.4 256S130.6 468.6 248 468.6 460.6 373.4 460.6 256 365.4 43.4 248 43.4zm-97.4 132.9c0-53.7 43.7-97.4 97.4-97.4s97.4 43.7 97.4 97.4v26.6c0 5-3.9 8.9-8.9 8.9h-17.7c-5 0-8.9-3.9-8.9-8.9v-26.6c0-82.1-124-82.1-124 0v26.6c0 5-3.9 8.9-8.9 8.9h-17.7c-5 0-8.9-3.9-8.9-8.9v-26.6zM389.7 380c0 9.7-8 17.7-17.7 17.7H124c-9.7 0-17.7-8-17.7-17.7V238.3c0-9.7 8-17.7 17.7-17.7h248c9.7 0 17.7 8 17.7 17.7V380zm-248-137.3v132.9c0 2.5-1.9 4.4-4.4 4.4h-8.9c-2.5 0-4.4-1.9-4.4-4.4V242.7c0-2.5 1.9-4.4 4.4-4.4h8.9c2.5 0 4.4 1.9 4.4 4.4zm141.7 48.7c0 13-7.2 24.4-17.7 30.4v31.6c0 5-3.9 8.9-8.9 8.9h-17.7c-5 0-8.9-3.9-8.9-8.9v-31.6c-10.5-6.1-17.7-17.4-17.7-30.4 0-19.7 15.8-35.4 35.4-35.4s35.5 15.8 35.5 35.4zM248 8C111 8 0 119 0 256s111 248 248 248 248-111 248-248S385 8 248 8zm0 478.3C121 486.3 17.7 383 17.7 256S121 25.7 248 25.7 478.3 129 478.3 256 375 486.3 248 486.3z\"><\/path><\/svg>\t\t\t\t<\/span>\n\t\t\t<\/div>\n\t\t\t\n\t\t\t\t\t\t<div class=\"elementor-icon-box-content\">\n\n\t\t\t\t\n\t\t\t\t\t\t\t\t\t<p class=\"elementor-icon-box-description\">\n\t\t\t\t\t\tBilgileriniz yaln\u0131zca ba\u015fvuru s\u00fcreci i\u00e7in kullan\u0131l\u0131r, \u00fc\u00e7\u00fcnc\u00fc ki\u015filerle payla\u015f\u0131lmaz ve KVKK kapsam\u0131nda korunur.\t\t\t\t\t<\/p>\n\t\t\t\t\n\t\t\t<\/div>\n\t\t\t\n\t\t<\/div>\n\t\t\t\t\t\t<\/div>\n\t\t\t\t<\/div>\n\t\t<div class=\"elementor-element elementor-element-e15e600 e-con-full e-flex e-con e-child\" data-id=\"e15e600\" data-element_type=\"container\" data-e-type=\"container\">\n\t\t\t\t<div class=\"elementor-element elementor-element-423ba38 elementor-widget elementor-widget-heading\" data-id=\"423ba38\" data-element_type=\"widget\" data-e-type=\"widget\" data-widget_type=\"heading.default\">\n\t\t\t\t\t<h2 class=\"elementor-heading-title elementor-size-default\">Vize Ba\u015fvuru S\u00fcreci<\/h2>\t\t\t\t<\/div>\n\t\t\t\t<\/div>\n\t\t<div class=\"elementor-element elementor-element-ea5c179 e-flex e-con-boxed e-con e-child\" data-id=\"ea5c179\" data-element_type=\"container\" data-e-type=\"container\">\n\t\t\t\t\t<div class=\"e-con-inner\">\n\t\t<div class=\"elementor-element elementor-element-5e5d38f e-con-full e-flex e-con e-child\" data-id=\"5e5d38f\" data-element_type=\"container\" data-e-type=\"container\">\n\t\t<div class=\"elementor-element elementor-element-a9ed3b2 e-con-full e-flex e-con e-child\" data-id=\"a9ed3b2\" data-element_type=\"container\" data-e-type=\"container\">\n\t\t\t\t<div class=\"elementor-element elementor-element-b792ac8 elementor-widget elementor-widget-heading\" data-id=\"b792ac8\" data-element_type=\"widget\" data-e-type=\"widget\" data-widget_type=\"heading.default\">\n\t\t\t\t\t<h4 class=\"elementor-heading-title elementor-size-default\">Ba\u015fvuru Formunu Doldurun<\/h4>\t\t\t\t<\/div>\n\t\t\t\t<\/div>\n\t\t\t\t<div class=\"elementor-element elementor-element-5210c49 elementor-widget-mobile__width-inherit elementor-widget elementor-widget-icon-box\" data-id=\"5210c49\" data-element_type=\"widget\" data-e-type=\"widget\" data-widget_type=\"icon-box.default\">\n\t\t\t\t\t\t\t<div class=\"elementor-icon-box-wrapper\">\n\n\t\t\t\n\t\t\t\t\t\t<div class=\"elementor-icon-box-content\">\n\n\t\t\t\t\n\t\t\t\t\t\t\t\t\t<p class=\"elementor-icon-box-description\">\n\t\t\t\t\t\tOnline form ile ba\u015fvurunuzu ba\u015flat\u0131n.\t\t\t\t\t<\/p>\n\t\t\t\t\n\t\t\t<\/div>\n\t\t\t\n\t\t<\/div>\n\t\t\t\t\t\t<\/div>\n\t\t\t\t<div class=\"elementor-element elementor-element-2e1db99 elementor-align-center elementor-widget elementor-widget-button\" data-id=\"2e1db99\" data-element_type=\"widget\" data-e-type=\"widget\" data-widget_type=\"button.default\">\n\t\t\t\t\t\t\t\t\t\t<a class=\"elementor-button elementor-button-link elementor-size-sm\" href=\"#popmake-2296\">\n\t\t\t\t\t\t<span class=\"elementor-button-content-wrapper\">\n\t\t\t\t\t\t\t\t\t<span class=\"elementor-button-text\">Hemen Ba\u015fvur<\/span>\n\t\t\t\t\t<\/span>\n\t\t\t\t\t<\/a>\n\t\t\t\t\t\t\t\t<\/div>\n\t\t\t\t<\/div>\n\t\t<div class=\"elementor-element elementor-element-a1ecbc2 e-con-full e-flex e-con e-child\" data-id=\"a1ecbc2\" data-element_type=\"container\" data-e-type=\"container\">\n\t\t<div class=\"elementor-element elementor-element-5a1495d e-con-full e-flex e-con e-child\" data-id=\"5a1495d\" data-element_type=\"container\" data-e-type=\"container\">\n\t\t\t\t<div class=\"elementor-element elementor-element-153d37d elementor-widget elementor-widget-heading\" data-id=\"153d37d\" data-element_type=\"widget\" data-e-type=\"widget\" data-widget_type=\"heading.default\">\n\t\t\t\t\t<h4 class=\"elementor-heading-title elementor-size-default\">Belgelerinizi \u0130letin<\/h4>\t\t\t\t<\/div>\n\t\t\t\t<\/div>\n\t\t\t\t<div class=\"elementor-element elementor-element-ccec9b0 elementor-widget-mobile__width-inherit elementor-widget elementor-widget-icon-box\" data-id=\"ccec9b0\" data-element_type=\"widget\" data-e-type=\"widget\" data-widget_type=\"icon-box.default\">\n\t\t\t\t\t\t\t<div class=\"elementor-icon-box-wrapper\">\n\n\t\t\t\n\t\t\t\t\t\t<div class=\"elementor-icon-box-content\">\n\n\t\t\t\t\n\t\t\t\t\t\t\t\t\t<p class=\"elementor-icon-box-description\">\n\t\t\t\t\t\tGerekli evraklar\u0131 kolayca iletin.\t\t\t\t\t<\/p>\n\t\t\t\t\n\t\t\t<\/div>\n\t\t\t\n\t\t<\/div>\n\t\t\t\t\t\t<\/div>\n\t\t\t\t<\/div>\n\t\t<div class=\"elementor-element elementor-element-cbc121d e-con-full e-flex e-con e-child\" data-id=\"cbc121d\" data-element_type=\"container\" data-e-type=\"container\">\n\t\t<div class=\"elementor-element elementor-element-dfdda39 e-con-full e-flex e-con e-child\" data-id=\"dfdda39\" data-element_type=\"container\" data-e-type=\"container\">\n\t\t\t\t<div class=\"elementor-element elementor-element-0d718c3 elementor-widget elementor-widget-heading\" data-id=\"0d718c3\" data-element_type=\"widget\" data-e-type=\"widget\" data-widget_type=\"heading.default\">\n\t\t\t\t\t<h4 class=\"elementor-heading-title elementor-size-default\">Banka \u00dczerinden \u00d6demenizi Yap\u0131n<\/h4>\t\t\t\t<\/div>\n\t\t\t\t<\/div>\n\t\t\t\t<div class=\"elementor-element elementor-element-46c8c32 elementor-widget-mobile__width-inherit elementor-widget elementor-widget-icon-box\" data-id=\"46c8c32\" data-element_type=\"widget\" data-e-type=\"widget\" data-widget_type=\"icon-box.default\">\n\t\t\t\t\t\t\t<div class=\"elementor-icon-box-wrapper\">\n\n\t\t\t\n\t\t\t\t\t\t<div class=\"elementor-icon-box-content\">\n\n\t\t\t\t\n\t\t\t\t\t\t\t\t\t<p class=\"elementor-icon-box-description\">\n\t\t\t\t\t\tBa\u015fvuru \u00f6ncesinde \u00f6deme al\u0131n\u0131r ve s\u00fcre\u00e7 ba\u015flat\u0131l\u0131r.\t\t\t\t\t<\/p>\n\t\t\t\t\n\t\t\t<\/div>\n\t\t\t\n\t\t<\/div>\n\t\t\t\t\t\t<\/div>\n\t\t\t\t<\/div>\n\t\t<div class=\"elementor-element elementor-element-769aee2 e-con-full e-flex e-con e-child\" data-id=\"769aee2\" data-element_type=\"container\" data-e-type=\"container\">\n\t\t<div class=\"elementor-element elementor-element-8078447 e-con-full e-flex e-con e-child\" data-id=\"8078447\" data-element_type=\"container\" data-e-type=\"container\">\n\t\t\t\t<div class=\"elementor-element elementor-element-055967e elementor-widget elementor-widget-heading\" data-id=\"055967e\" data-element_type=\"widget\" data-e-type=\"widget\" data-widget_type=\"heading.default\">\n\t\t\t\t\t<h4 class=\"elementor-heading-title elementor-size-default\">Sonu\u00e7 Bilgilendirmesi<\/h4>\t\t\t\t<\/div>\n\t\t\t\t<\/div>\n\t\t\t\t<div class=\"elementor-element elementor-element-6495d3c elementor-widget-mobile__width-inherit elementor-widget elementor-widget-icon-box\" data-id=\"6495d3c\" data-element_type=\"widget\" data-e-type=\"widget\" data-widget_type=\"icon-box.default\">\n\t\t\t\t\t\t\t<div class=\"elementor-icon-box-wrapper\">\n\n\t\t\t\n\t\t\t\t\t\t<div class=\"elementor-icon-box-content\">\n\n\t\t\t\t\n\t\t\t\t\t\t\t\t\t<p class=\"elementor-icon-box-description\">\n\t\t\t\t\t\tDe\u011ferlendirme sonucu e-posta yoluyla taraf\u0131n\u0131za iletilir.<br>\n\t\t\t\t\t<\/p>\n\t\t\t\t\n\t\t\t<\/div>\n\t\t\t\n\t\t<\/div>\n\t\t\t\t\t\t<\/div>\n\t\t\t\t<\/div>\n\t\t\t\t\t<\/div>\n\t\t\t\t<\/div>\n\t\t<div class=\"elementor-element elementor-element-5ad0875 e-con-full e-flex e-con e-child\" data-id=\"5ad0875\" data-element_type=\"container\" data-e-type=\"container\">\n\t\t\t\t<div class=\"elementor-element elementor-element-ffd04fc elementor-widget elementor-widget-heading\" data-id=\"ffd04fc\" data-element_type=\"widget\" data-e-type=\"widget\" data-widget_type=\"heading.default\">\n\t\t\t\t\t<h2 class=\"elementor-heading-title elementor-size-default\">Suudi Arabistan eVize T\u00fcrleri<\/h2>\t\t\t\t<\/div>\n\t\t\t\t<\/div>\n\t\t<div class=\"elementor-element elementor-element-41a99fe e-con-full e-flex e-con e-child\" data-id=\"41a99fe\" data-element_type=\"container\" data-e-type=\"container\">\n\t\t<div class=\"elementor-element elementor-element-7bb0ea2 e-con-full e-flex e-con e-child\" data-id=\"7bb0ea2\" data-element_type=\"container\" data-e-type=\"container\">\n\t\t\t\t<div class=\"elementor-element elementor-element-f5bbe74 elementor-widget elementor-widget-image\" data-id=\"f5bbe74\" data-element_type=\"widget\" data-e-type=\"widget\" data-settings=\"{&quot;_animation&quot;:&quot;none&quot;}\" data-widget_type=\"image.default\">\n\t\t\t\t\t\t\t\t\t\t\t\t\t\t\t<img decoding=\"async\" src=\"https:\/\/uaevac.com\/wp-content\/uploads\/2026\/01\/Suudi-e1769758054407.jpg\" title=\"Suudi-vize\" alt=\"Suudi-vize\" loading=\"lazy\" \/>\t\t\t\t\t\t\t\t\t\t\t\t\t\t\t<\/div>\n\t\t\t\t<div class=\"elementor-element elementor-element-3824efd elementor-widget elementor-widget-icon-box\" data-id=\"3824efd\" data-element_type=\"widget\" data-e-type=\"widget\" data-widget_type=\"icon-box.default\">\n\t\t\t\t\t\t\t<div class=\"elementor-icon-box-wrapper\">\n\n\t\t\t\n\t\t\t\t\t\t<div class=\"elementor-icon-box-content\">\n\n\t\t\t\t\t\t\t\t\t<h5 class=\"elementor-icon-box-title\">\n\t\t\t\t\t\t<span  >\n\t\t\t\t\t\t\tSuudi Arabistan<br>90 G\u00fcn \u00c7OK Giri\u015fli Vize\t\t\t\t\t\t<\/span>\n\t\t\t\t\t<\/h5>\n\t\t\t\t\n\t\t\t\t\t\t\t\t\t<p class=\"elementor-icon-box-description\">\n\t\t\t\t\t\tUSD 150<br>V\u0130P USD 195\t\t\t\t\t<\/p>\n\t\t\t\t\n\t\t\t<\/div>\n\t\t\t\n\t\t<\/div>\n\t\t\t\t\t\t<\/div>\n\t\t<div class=\"elementor-element elementor-element-9e8ae85 e-con-full e-flex e-con e-child\" data-id=\"9e8ae85\" data-element_type=\"container\" data-e-type=\"container\">\n\t\t\t\t<div class=\"elementor-element elementor-element-f82b968 elementor-widget elementor-widget-button\" data-id=\"f82b968\" data-element_type=\"widget\" data-e-type=\"widget\" data-widget_type=\"button.default\">\n\t\t\t\t\t\t\t\t\t\t<a class=\"elementor-button elementor-button-link elementor-size-sm\" href=\"#popmake-2951\">\n\t\t\t\t\t\t<span class=\"elementor-button-content-wrapper\">\n\t\t\t\t\t\t\t\t\t<span class=\"elementor-button-text\">Bilgi Al<\/span>\n\t\t\t\t\t<\/span>\n\t\t\t\t\t<\/a>\n\t\t\t\t\t\t\t\t<\/div>\n\t\t\t\t<div class=\"elementor-element elementor-element-b06e7f2 elementor-widget elementor-widget-button\" data-id=\"b06e7f2\" data-element_type=\"widget\" data-e-type=\"widget\" data-widget_type=\"button.default\">\n\t\t\t\t\t\t\t\t\t\t<a class=\"elementor-button elementor-button-link elementor-size-sm\" href=\"#popmake-2296\">\n\t\t\t\t\t\t<span class=\"elementor-button-content-wrapper\">\n\t\t\t\t\t\t\t\t\t<span class=\"elementor-button-text\">Hemen Ba\u015fvur<\/span>\n\t\t\t\t\t<\/span>\n\t\t\t\t\t<\/a>\n\t\t\t\t\t\t\t\t<\/div>\n\t\t\t\t<\/div>\n\t\t\t\t<\/div>\n\t\t\t\t<\/div>\n\t\t<div class=\"elementor-element elementor-element-7870a5d e-con-full e-flex e-con e-child\" data-id=\"7870a5d\" data-element_type=\"container\" data-e-type=\"container\">\n\t\t<div class=\"elementor-element elementor-element-c0eea6e e-con-full e-flex e-con e-child\" data-id=\"c0eea6e\" data-element_type=\"container\" data-e-type=\"container\">\n\t\t\t\t<div class=\"elementor-element elementor-element-9e4b9a8 elementor-widget elementor-widget-heading\" data-id=\"9e4b9a8\" data-element_type=\"widget\" data-e-type=\"widget\" data-widget_type=\"heading.default\">\n\t\t\t\t\t<h2 class=\"elementor-heading-title elementor-size-default\">Resmi kurallara uygun dan\u0131\u015fmanl\u0131k<\/h2>\t\t\t\t<\/div>\n\t\t\t\t<\/div>\n\t\t<div class=\"elementor-element elementor-element-dec88c6 e-con-full e-flex e-con e-child\" data-id=\"dec88c6\" data-element_type=\"container\" data-e-type=\"container\">\n\t\t\t\t<div class=\"elementor-element elementor-element-8c9450c elementor-widget elementor-widget-heading\" data-id=\"8c9450c\" data-element_type=\"widget\" data-e-type=\"widget\" data-widget_type=\"heading.default\">\n\t\t\t\t\t<h2 class=\"elementor-heading-title elementor-size-default\">G\u00fcvenli veri iletimi (SSL korumal\u0131)<\/h2>\t\t\t\t<\/div>\n\t\t\t\t<\/div>\n\t\t<div class=\"elementor-element elementor-element-3c47ad6 e-con-full e-flex e-con e-child\" data-id=\"3c47ad6\" data-element_type=\"container\" data-e-type=\"container\">\n\t\t\t\t<div class=\"elementor-element elementor-element-72991b7 elementor-widget elementor-widget-heading\" data-id=\"72991b7\" data-element_type=\"widget\" data-e-type=\"widget\" data-widget_type=\"heading.default\">\n\t\t\t\t\t<h2 class=\"elementor-heading-title elementor-size-default\">Banka \u00fczerinden \u00f6deme<\/h2>\t\t\t\t<\/div>\n\t\t\t\t<\/div>\n\t\t<div class=\"elementor-element elementor-element-36b5b72 e-con-full e-flex e-con e-child\" data-id=\"36b5b72\" data-element_type=\"container\" data-e-type=\"container\">\n\t\t\t\t<div class=\"elementor-element elementor-element-6e82c11 elementor-widget elementor-widget-heading\" data-id=\"6e82c11\" data-element_type=\"widget\" data-e-type=\"widget\" data-widget_type=\"heading.default\">\n\t\t\t\t\t<h2 class=\"elementor-heading-title elementor-size-default\">Ba\u015fvuru s\u00fcreci boyunca bilgilendirme<\/h2>\t\t\t\t<\/div>\n\t\t\t\t<\/div>\n\t\t\t\t<\/div>\n\t\t<div class=\"elementor-element elementor-element-ccffc08 e-con-full e-flex e-con e-child\" data-id=\"ccffc08\" data-element_type=\"container\" data-e-type=\"container\">\n\t\t\t\t<div class=\"elementor-element elementor-element-1704f96 elementor-widget elementor-widget-text-editor\" data-id=\"1704f96\" data-element_type=\"widget\" data-e-type=\"widget\" data-widget_type=\"text-editor.default\">\n\t\t\t\t\t\t\t\t\t<p><span style=\"color: #ff0000;\">*<\/span> Vize ba\u015fvurular\u0131nda nihai karar ilgili \u00fclkenin resmi makamlar\u0131 taraf\u0131ndan verilmektedir.<\/p>\t\t\t\t\t\t\t\t<\/div>\n\t\t\t\t<\/div>\n\t\t\t\t\t<\/div>\n\t\t\t\t<\/div>\n\t\t<div class=\"elementor-element elementor-element-13839d3 e-flex e-con-boxed e-con e-parent\" data-id=\"13839d3\" data-element_type=\"container\" data-e-type=\"container\">\n\t\t\t\t\t<div class=\"e-con-inner\">\n\t\t\t\t<div class=\"elementor-element elementor-element-9cc7fe8 elementor-widget elementor-widget-image\" data-id=\"9cc7fe8\" data-element_type=\"widget\" data-e-type=\"widget\" data-widget_type=\"image.default\">\n\t\t\t\t\t\t\t\t\t\t\t\t\t\t\t<img decoding=\"async\" width=\"300\" height=\"29\" src=\"https:\/\/uaevac.com\/wp-content\/uploads\/2025\/12\/Famous-THY-300x29.png\" class=\"attachment-medium size-medium wp-image-2042\" alt=\"\" srcset=\"https:\/\/uaevac.com\/wp-content\/uploads\/2025\/12\/Famous-THY-300x29.png 300w, https:\/\/uaevac.com\/wp-content\/uploads\/2025\/12\/Famous-THY-768x75.png 768w, https:\/\/uaevac.com\/wp-content\/uploads\/2025\/12\/Famous-THY.png 927w\" sizes=\"(max-width: 300px) 100vw, 300px\" \/>\t\t\t\t\t\t\t\t\t\t\t\t\t\t\t<\/div>\n\t\t\t\t\t<\/div>\n\t\t\t\t<\/div>\n\t\t\t\t<\/div>\n\t\t","protected":false},"excerpt":{"rendered":"<p>Suudi Arabistan eVizesi Bu formu bitirebilmek i\u00e7in taray\u0131c\u0131n\u0131zda JavaScript&#039;i etkinle\u015ftirin.Bu formu bitirebilmek i\u00e7in taray\u0131c\u0131n\u0131zda JavaScript&#039;i etkinle\u015ftirin.Ad \/ Soyad *Telefon *E-posta *SA Vize T\u00fcr\u00fc *Vize T\u00fcr\u00fc Se\u00e7iniz *90 G\u00fcn \u00c7OK Giri\u015fli SUUDI ARABISTAN Vizesi Hemen Ba\u015fvur Bilgileriniz yaln\u0131zca ba\u015fvuru s\u00fcreci i\u00e7in kullan\u0131l\u0131r, \u00fc\u00e7\u00fcnc\u00fc ki\u015filerle payla\u015f\u0131lmaz ve KVKK kapsam\u0131nda korunur. Vize Ba\u015fvuru S\u00fcreci Ba\u015fvuru Formunu Doldurun Online [&hellip;]<\/p>\n","protected":false},"author":1,"featured_media":0,"parent":0,"menu_order":0,"comment_status":"closed","ping_status":"closed","template":"","meta":{"footnotes":""},"class_list":["post-2305","page","type-page","status-publish","hentry"],"blocksy_meta":{"vertical_spacing_source":"custom","content_area_spacing":"none","has_hero_section":"disabled","styles_descriptor":{"styles":{"desktop":"","tablet":"","mobile":""},"google_fonts":[],"version":6}},"_links":{"self":[{"href":"https:\/\/uaevac.com\/index.php\/wp-json\/wp\/v2\/pages\/2305","targetHints":{"allow":["GET"]}}],"collection":[{"href":"https:\/\/uaevac.com\/index.php\/wp-json\/wp\/v2\/pages"}],"about":[{"href":"https:\/\/uaevac.com\/index.php\/wp-json\/wp\/v2\/types\/page"}],"author":[{"embeddable":true,"href":"https:\/\/uaevac.com\/index.php\/wp-json\/wp\/v2\/users\/1"}],"replies":[{"embeddable":true,"href":"https:\/\/uaevac.com\/index.php\/wp-json\/wp\/v2\/comments?post=2305"}],"version-history":[{"count":0,"href":"https:\/\/uaevac.com\/index.php\/wp-json\/wp\/v2\/pages\/2305\/revisions"}],"wp:attachment":[{"href":"https:\/\/uaevac.com\/index.php\/wp-json\/wp\/v2\/media?parent=2305"}],"curies":[{"name":"wp","href":"https:\/\/api.w.org\/{rel}","templated":true}]}}