{"id":2169,"date":"2025-12-30T14:11:29","date_gmt":"2025-12-30T14:11:29","guid":{"rendered":"https:\/\/uaevac.com\/?page_id=2169"},"modified":"2026-02-19T13:42:18","modified_gmt":"2026-02-19T13:42:18","slug":"rus-vize","status":"publish","type":"page","link":"https:\/\/uaevac.com\/index.php\/rus-vize\/","title":{"rendered":"RUS Vize"},"content":{"rendered":"\t\t<div data-elementor-type=\"wp-page\" data-elementor-id=\"2169\" class=\"elementor elementor-2169\">\n\t\t\t\t<div class=\"elementor-element elementor-element-0297b98 e-flex e-con-boxed e-con e-parent\" data-id=\"0297b98\" data-element_type=\"container\" data-e-type=\"container\" data-settings=\"{&quot;background_background&quot;:&quot;classic&quot;}\">\n\t\t\t\t\t<div class=\"e-con-inner\">\n\t\t\t\t<div class=\"elementor-element elementor-element-d89f3ef elementor-widget elementor-widget-heading\" data-id=\"d89f3ef\" data-element_type=\"widget\" data-e-type=\"widget\" data-widget_type=\"heading.default\">\n\t\t\t\t\t<h2 class=\"elementor-heading-title elementor-size-default\">Rusya Vizesi<\/h2>\t\t\t\t<\/div>\n\t\t\t\t\t<\/div>\n\t\t\t\t<\/div>\n\t\t<div class=\"elementor-element elementor-element-e057519 e-flex e-con-boxed e-con e-parent\" data-id=\"e057519\" data-element_type=\"container\" data-e-type=\"container\">\n\t\t\t\t\t<div class=\"e-con-inner\">\n\t\t<div class=\"elementor-element elementor-element-d28d87c e-flex e-con-boxed e-con e-child\" data-id=\"d28d87c\" data-element_type=\"container\" data-e-type=\"container\">\n\t\t\t\t\t<div class=\"e-con-inner\">\n\t\t\t\t<div class=\"elementor-element elementor-element-da75e14 elementor-widget elementor-widget-wpforms\" data-id=\"da75e14\" data-element_type=\"widget\" data-e-type=\"widget\" data-widget_type=\"wpforms.default\">\n\t\t\t\t<div class=\"elementor-widget-container\">\n\t\t\t\t\t<div class=\"wpforms-container ct-wpforms-inline-fields wpforms-render-modern\" id=\"wpforms-2205\"><form id=\"wpforms-form-2205\" class=\"wpforms-validate wpforms-form wpforms-ajax-form\" data-formid=\"2205\" method=\"post\" enctype=\"multipart\/form-data\" action=\"\/index.php\/wp-json\/wp\/v2\/pages\/2169\" data-token=\"175dc2d60133b471f01a098214a18157\" data-token-time=\"1776515405\"><noscript class=\"wpforms-error-noscript\">Bu formu bitirebilmek i\u00e7in taray\u0131c\u0131n\u0131zda JavaScript&#039;i etkinle\u015ftirin.<\/noscript><div id=\"wpforms-error-noscript\" style=\"display: none;\">Bu formu bitirebilmek i\u00e7in taray\u0131c\u0131n\u0131zda JavaScript&#039;i etkinle\u015ftirin.<\/div><div class=\"wpforms-field-container\"><div id=\"wpforms-2205-field_2-container\" class=\"wpforms-field wpforms-field-name\" data-field-id=\"2\"><label class=\"wpforms-field-label wpforms-label-hide\" for=\"wpforms-2205-field_2\" aria-hidden=\"false\">Ad \/ Soyad <span class=\"wpforms-required-label\" aria-hidden=\"true\">*<\/span><\/label><input type=\"text\" id=\"wpforms-2205-field_2\" class=\"wpforms-field-large wpforms-field-required\" name=\"wpforms[fields][2]\" placeholder=\"Ad\u0131n\u0131z Soyad\u0131n\u0131z *\" aria-errormessage=\"wpforms-2205-field_2-error\" required><\/div><div id=\"wpforms-2205-field_5-container\" class=\"wpforms-field wpforms-field-text\" data-field-id=\"5\"><label class=\"wpforms-field-label wpforms-label-hide\" for=\"wpforms-2205-field_5\" aria-hidden=\"false\">Telefon <span class=\"wpforms-required-label\" aria-hidden=\"true\">*<\/span><\/label><input type=\"text\" id=\"wpforms-2205-field_5\" class=\"wpforms-field-large wpforms-field-required\" name=\"wpforms[fields][5]\" placeholder=\"Telefon Numaran\u0131z *\" aria-errormessage=\"wpforms-2205-field_5-error\" required><\/div><div id=\"wpforms-2205-field_7-container\" class=\"wpforms-field wpforms-field-email\" data-field-id=\"7\"><label class=\"wpforms-field-label wpforms-label-hide\" for=\"wpforms-2205-field_7\" aria-hidden=\"false\">E-posta <span class=\"wpforms-required-label\" aria-hidden=\"true\">*<\/span><\/label><input type=\"email\" id=\"wpforms-2205-field_7\" class=\"wpforms-field-large wpforms-field-required\" name=\"wpforms[fields][7]\" placeholder=\"E-Posta Adresiniz *\" spellcheck=\"false\" aria-errormessage=\"wpforms-2205-field_7-error\" required><\/div><div id=\"wpforms-2205-field_6-container\" class=\"wpforms-field wpforms-field-select wpforms-field-select-style-classic\" data-field-id=\"6\"><label class=\"wpforms-field-label wpforms-label-hide\" for=\"wpforms-2205-field_6\" aria-hidden=\"false\">RUSYA Vize T\u00fcr\u00fc <span class=\"wpforms-required-label\" aria-hidden=\"true\">*<\/span><\/label><select id=\"wpforms-2205-field_6\" class=\"wpforms-field-large wpforms-field-required\" name=\"wpforms[fields][6]\" required=\"required\"><option value=\"\" class=\"placeholder\" disabled  selected='selected'>Vize T\u00fcr\u00fc Se\u00e7iniz *<\/option><option value=\"30 G\u00fcn TEK Giri\u015fli RUSYA Vizesi\"  class=\"choice-1 depth-1\"  >30 G\u00fcn TEK Giri\u015fli RUSYA Vizesi<\/option><\/select><\/div><\/div><!-- .wpforms-field-container --><div class=\"wpforms-submit-container\" ><input type=\"hidden\" name=\"wpforms[id]\" value=\"2205\"><input type=\"hidden\" name=\"page_title\" value=\"\"><input type=\"hidden\" name=\"page_url\" value=\"https:\/\/uaevac.com\/index.php\/wp-json\/wp\/v2\/pages\/2169\"><input type=\"hidden\" name=\"url_referer\" value=\"\"><button type=\"submit\" name=\"wpforms[submit]\" id=\"wpforms-submit-2205\" class=\"wpforms-submit\" data-alt-text=\"G\u00f6nderiliyor...\" data-submit-text=\"Hemen Ba\u015fvur\" aria-live=\"assertive\" value=\"wpforms-submit\">Hemen Ba\u015fvur<\/button><img decoding=\"async\" src=\"https:\/\/uaevac.com\/wp-content\/plugins\/wpforms-lite\/assets\/images\/submit-spin.svg\" class=\"wpforms-submit-spinner\" style=\"display: none;\" width=\"26\" height=\"26\" alt=\"Y\u00fckleniyor\"><\/div><\/form><\/div>  <!-- .wpforms-container -->\t\t\t\t<\/div>\n\t\t\t\t<\/div>\n\t\t\t\t\t<\/div>\n\t\t\t\t<\/div>\n\t\t<div class=\"elementor-element elementor-element-1f82fce e-con-full e-flex e-con e-child\" data-id=\"1f82fce\" data-element_type=\"container\" data-e-type=\"container\">\n\t\t\t\t<div class=\"elementor-element elementor-element-f6ceb73 elementor-position-inline-start elementor-view-default elementor-mobile-position-block-start elementor-widget elementor-widget-icon-box\" data-id=\"f6ceb73\" data-element_type=\"widget\" data-e-type=\"widget\" data-widget_type=\"icon-box.default\">\n\t\t\t\t\t\t\t<div class=\"elementor-icon-box-wrapper\">\n\n\t\t\t\t\t\t<div class=\"elementor-icon-box-icon\">\n\t\t\t\t<span  class=\"elementor-icon\">\n\t\t\t\t<svg aria-hidden=\"true\" class=\"e-font-icon-svg e-fab-expeditedssl\" viewBox=\"0 0 496 512\" xmlns=\"http:\/\/www.w3.org\/2000\/svg\"><path d=\"M248 43.4C130.6 43.4 35.4 138.6 35.4 256S130.6 468.6 248 468.6 460.6 373.4 460.6 256 365.4 43.4 248 43.4zm-97.4 132.9c0-53.7 43.7-97.4 97.4-97.4s97.4 43.7 97.4 97.4v26.6c0 5-3.9 8.9-8.9 8.9h-17.7c-5 0-8.9-3.9-8.9-8.9v-26.6c0-82.1-124-82.1-124 0v26.6c0 5-3.9 8.9-8.9 8.9h-17.7c-5 0-8.9-3.9-8.9-8.9v-26.6zM389.7 380c0 9.7-8 17.7-17.7 17.7H124c-9.7 0-17.7-8-17.7-17.7V238.3c0-9.7 8-17.7 17.7-17.7h248c9.7 0 17.7 8 17.7 17.7V380zm-248-137.3v132.9c0 2.5-1.9 4.4-4.4 4.4h-8.9c-2.5 0-4.4-1.9-4.4-4.4V242.7c0-2.5 1.9-4.4 4.4-4.4h8.9c2.5 0 4.4 1.9 4.4 4.4zm141.7 48.7c0 13-7.2 24.4-17.7 30.4v31.6c0 5-3.9 8.9-8.9 8.9h-17.7c-5 0-8.9-3.9-8.9-8.9v-31.6c-10.5-6.1-17.7-17.4-17.7-30.4 0-19.7 15.8-35.4 35.4-35.4s35.5 15.8 35.5 35.4zM248 8C111 8 0 119 0 256s111 248 248 248 248-111 248-248S385 8 248 8zm0 478.3C121 486.3 17.7 383 17.7 256S121 25.7 248 25.7 478.3 129 478.3 256 375 486.3 248 486.3z\"><\/path><\/svg>\t\t\t\t<\/span>\n\t\t\t<\/div>\n\t\t\t\n\t\t\t\t\t\t<div class=\"elementor-icon-box-content\">\n\n\t\t\t\t\n\t\t\t\t\t\t\t\t\t<p class=\"elementor-icon-box-description\">\n\t\t\t\t\t\tBilgileriniz yaln\u0131zca ba\u015fvuru s\u00fcreci i\u00e7in kullan\u0131l\u0131r, \u00fc\u00e7\u00fcnc\u00fc ki\u015filerle payla\u015f\u0131lmaz ve KVKK kapsam\u0131nda korunur.\t\t\t\t\t<\/p>\n\t\t\t\t\n\t\t\t<\/div>\n\t\t\t\n\t\t<\/div>\n\t\t\t\t\t\t<\/div>\n\t\t\t\t<\/div>\n\t\t<div class=\"elementor-element elementor-element-de541a8 e-con-full e-flex e-con e-child\" data-id=\"de541a8\" data-element_type=\"container\" data-e-type=\"container\">\n\t\t\t\t<div class=\"elementor-element elementor-element-64ebe18 elementor-widget elementor-widget-heading\" data-id=\"64ebe18\" data-element_type=\"widget\" data-e-type=\"widget\" data-widget_type=\"heading.default\">\n\t\t\t\t\t<h2 class=\"elementor-heading-title elementor-size-default\">Vize Ba\u015fvuru S\u00fcreci<\/h2>\t\t\t\t<\/div>\n\t\t\t\t<\/div>\n\t\t<div class=\"elementor-element elementor-element-4d90332 e-con-full e-flex e-con e-child\" data-id=\"4d90332\" data-element_type=\"container\" data-e-type=\"container\">\n\t\t<div class=\"elementor-element elementor-element-387791a e-con-full e-flex e-con e-child\" data-id=\"387791a\" data-element_type=\"container\" data-e-type=\"container\">\n\t\t<div class=\"elementor-element elementor-element-d78821c e-con-full e-flex e-con e-child\" data-id=\"d78821c\" data-element_type=\"container\" data-e-type=\"container\">\n\t\t\t\t<div class=\"elementor-element elementor-element-3ea003c elementor-widget elementor-widget-heading\" data-id=\"3ea003c\" data-element_type=\"widget\" data-e-type=\"widget\" data-widget_type=\"heading.default\">\n\t\t\t\t\t<h4 class=\"elementor-heading-title elementor-size-default\">Ba\u015fvuru Formunu Doldurun<\/h4>\t\t\t\t<\/div>\n\t\t\t\t<\/div>\n\t\t\t\t<div class=\"elementor-element elementor-element-920bb8a elementor-widget-mobile__width-inherit elementor-widget elementor-widget-icon-box\" data-id=\"920bb8a\" data-element_type=\"widget\" data-e-type=\"widget\" data-widget_type=\"icon-box.default\">\n\t\t\t\t\t\t\t<div class=\"elementor-icon-box-wrapper\">\n\n\t\t\t\n\t\t\t\t\t\t<div class=\"elementor-icon-box-content\">\n\n\t\t\t\t\n\t\t\t\t\t\t\t\t\t<p class=\"elementor-icon-box-description\">\n\t\t\t\t\t\tOnline form ile ba\u015fvurunuzu ba\u015flat\u0131n.\t\t\t\t\t<\/p>\n\t\t\t\t\n\t\t\t<\/div>\n\t\t\t\n\t\t<\/div>\n\t\t\t\t\t\t<\/div>\n\t\t\t\t<div class=\"elementor-element elementor-element-1c9c879 elementor-align-center elementor-widget elementor-widget-button\" data-id=\"1c9c879\" data-element_type=\"widget\" data-e-type=\"widget\" data-widget_type=\"button.default\">\n\t\t\t\t\t\t\t\t\t\t<a class=\"elementor-button elementor-button-link elementor-size-sm\" href=\"#popmake-2213\">\n\t\t\t\t\t\t<span class=\"elementor-button-content-wrapper\">\n\t\t\t\t\t\t\t\t\t<span class=\"elementor-button-text\">Hemen Ba\u015fvur<\/span>\n\t\t\t\t\t<\/span>\n\t\t\t\t\t<\/a>\n\t\t\t\t\t\t\t\t<\/div>\n\t\t\t\t<\/div>\n\t\t<div class=\"elementor-element elementor-element-ded458c e-con-full e-flex e-con e-child\" data-id=\"ded458c\" data-element_type=\"container\" data-e-type=\"container\">\n\t\t<div class=\"elementor-element elementor-element-4f9b0ad e-con-full e-flex e-con e-child\" data-id=\"4f9b0ad\" data-element_type=\"container\" data-e-type=\"container\">\n\t\t\t\t<div class=\"elementor-element elementor-element-405c9a1 elementor-widget elementor-widget-heading\" data-id=\"405c9a1\" data-element_type=\"widget\" data-e-type=\"widget\" data-widget_type=\"heading.default\">\n\t\t\t\t\t<h4 class=\"elementor-heading-title elementor-size-default\">Belgelerinizi \u0130letin<\/h4>\t\t\t\t<\/div>\n\t\t\t\t<\/div>\n\t\t\t\t<div class=\"elementor-element elementor-element-6d86ab0 elementor-widget-mobile__width-inherit elementor-widget elementor-widget-icon-box\" data-id=\"6d86ab0\" data-element_type=\"widget\" data-e-type=\"widget\" data-widget_type=\"icon-box.default\">\n\t\t\t\t\t\t\t<div class=\"elementor-icon-box-wrapper\">\n\n\t\t\t\n\t\t\t\t\t\t<div class=\"elementor-icon-box-content\">\n\n\t\t\t\t\n\t\t\t\t\t\t\t\t\t<p class=\"elementor-icon-box-description\">\n\t\t\t\t\t\tGerekli evraklar\u0131 kolayca iletin.\t\t\t\t\t<\/p>\n\t\t\t\t\n\t\t\t<\/div>\n\t\t\t\n\t\t<\/div>\n\t\t\t\t\t\t<\/div>\n\t\t\t\t<\/div>\n\t\t<div class=\"elementor-element elementor-element-d438f2b e-con-full e-flex e-con e-child\" data-id=\"d438f2b\" data-element_type=\"container\" data-e-type=\"container\">\n\t\t<div class=\"elementor-element elementor-element-5135c1d e-con-full e-flex e-con e-child\" data-id=\"5135c1d\" data-element_type=\"container\" data-e-type=\"container\">\n\t\t\t\t<div class=\"elementor-element elementor-element-fa783ef elementor-widget elementor-widget-heading\" data-id=\"fa783ef\" data-element_type=\"widget\" data-e-type=\"widget\" data-widget_type=\"heading.default\">\n\t\t\t\t\t<h4 class=\"elementor-heading-title elementor-size-default\">Banka \u00dczerinden \u00d6demenizi Yap\u0131n<\/h4>\t\t\t\t<\/div>\n\t\t\t\t<\/div>\n\t\t\t\t<div class=\"elementor-element elementor-element-73f50a8 elementor-widget-mobile__width-inherit elementor-widget elementor-widget-icon-box\" data-id=\"73f50a8\" data-element_type=\"widget\" data-e-type=\"widget\" data-widget_type=\"icon-box.default\">\n\t\t\t\t\t\t\t<div class=\"elementor-icon-box-wrapper\">\n\n\t\t\t\n\t\t\t\t\t\t<div class=\"elementor-icon-box-content\">\n\n\t\t\t\t\n\t\t\t\t\t\t\t\t\t<p class=\"elementor-icon-box-description\">\n\t\t\t\t\t\tBa\u015fvuru \u00f6ncesinde \u00f6deme al\u0131n\u0131r ve s\u00fcre\u00e7 ba\u015flat\u0131l\u0131r.\t\t\t\t\t<\/p>\n\t\t\t\t\n\t\t\t<\/div>\n\t\t\t\n\t\t<\/div>\n\t\t\t\t\t\t<\/div>\n\t\t\t\t<\/div>\n\t\t<div class=\"elementor-element elementor-element-c3dd5bb e-con-full e-flex e-con e-child\" data-id=\"c3dd5bb\" data-element_type=\"container\" data-e-type=\"container\">\n\t\t<div class=\"elementor-element elementor-element-786f5ab e-con-full e-flex e-con e-child\" data-id=\"786f5ab\" data-element_type=\"container\" data-e-type=\"container\">\n\t\t\t\t<div class=\"elementor-element elementor-element-59a858c elementor-widget elementor-widget-heading\" data-id=\"59a858c\" data-element_type=\"widget\" data-e-type=\"widget\" data-widget_type=\"heading.default\">\n\t\t\t\t\t<h4 class=\"elementor-heading-title elementor-size-default\">Sonu\u00e7 Bilgilendirmesi<\/h4>\t\t\t\t<\/div>\n\t\t\t\t<\/div>\n\t\t\t\t<div class=\"elementor-element elementor-element-7ff7a3b elementor-widget-mobile__width-inherit elementor-widget elementor-widget-icon-box\" data-id=\"7ff7a3b\" data-element_type=\"widget\" data-e-type=\"widget\" data-widget_type=\"icon-box.default\">\n\t\t\t\t\t\t\t<div class=\"elementor-icon-box-wrapper\">\n\n\t\t\t\n\t\t\t\t\t\t<div class=\"elementor-icon-box-content\">\n\n\t\t\t\t\n\t\t\t\t\t\t\t\t\t<p class=\"elementor-icon-box-description\">\n\t\t\t\t\t\tDe\u011ferlendirme sonucu e-posta yoluyla taraf\u0131n\u0131za iletilir.<br>\t\t\t\t\t<\/p>\n\t\t\t\t\n\t\t\t<\/div>\n\t\t\t\n\t\t<\/div>\n\t\t\t\t\t\t<\/div>\n\t\t\t\t<\/div>\n\t\t\t\t<\/div>\n\t\t<div class=\"elementor-element elementor-element-354db35 e-con-full e-flex e-con e-child\" data-id=\"354db35\" data-element_type=\"container\" data-e-type=\"container\">\n\t\t\t\t<div class=\"elementor-element elementor-element-7ba6b34 elementor-widget elementor-widget-heading\" data-id=\"7ba6b34\" data-element_type=\"widget\" data-e-type=\"widget\" data-widget_type=\"heading.default\">\n\t\t\t\t\t<h2 class=\"elementor-heading-title elementor-size-default\">Rusya Vize T\u00fcrleri<\/h2>\t\t\t\t<\/div>\n\t\t\t\t<\/div>\n\t\t<div class=\"elementor-element elementor-element-bfd36ed e-con-full e-flex e-con e-child\" data-id=\"bfd36ed\" data-element_type=\"container\" data-e-type=\"container\">\n\t\t<div class=\"elementor-element elementor-element-680e680 e-con-full e-flex e-con e-child\" data-id=\"680e680\" data-element_type=\"container\" data-e-type=\"container\">\n\t\t\t\t<div class=\"elementor-element elementor-element-1f2b84f elementor-widget elementor-widget-image\" data-id=\"1f2b84f\" data-element_type=\"widget\" data-e-type=\"widget\" data-widget_type=\"image.default\">\n\t\t\t\t\t\t\t\t\t\t\t\t\t\t\t<img fetchpriority=\"high\" decoding=\"async\" width=\"576\" height=\"324\" src=\"https:\/\/uaevac.com\/wp-content\/uploads\/2025\/12\/Rusya-e1769758436129.jpg\" class=\"attachment-large size-large wp-image-2189\" alt=\"\" \/>\t\t\t\t\t\t\t\t\t\t\t\t\t\t\t<\/div>\n\t\t\t\t<div class=\"elementor-element elementor-element-b7a761f elementor-widget elementor-widget-icon-box\" data-id=\"b7a761f\" data-element_type=\"widget\" data-e-type=\"widget\" data-widget_type=\"icon-box.default\">\n\t\t\t\t\t\t\t<div class=\"elementor-icon-box-wrapper\">\n\n\t\t\t\n\t\t\t\t\t\t<div class=\"elementor-icon-box-content\">\n\n\t\t\t\t\t\t\t\t\t<h5 class=\"elementor-icon-box-title\">\n\t\t\t\t\t\t<span  >\n\t\t\t\t\t\t\tRusya<br>30 G\u00fcn TEK Giri\u015fli Vize\t\t\t\t\t\t<\/span>\n\t\t\t\t\t<\/h5>\n\t\t\t\t\n\t\t\t\t\t\t\t\t\t<p class=\"elementor-icon-box-description\">\n\t\t\t\t\t\tUSD 105<br>V\u0130P USD150\t\t\t\t\t<\/p>\n\t\t\t\t\n\t\t\t<\/div>\n\t\t\t\n\t\t<\/div>\n\t\t\t\t\t\t<\/div>\n\t\t<div class=\"elementor-element elementor-element-214f0ca e-con-full e-flex e-con e-child\" data-id=\"214f0ca\" data-element_type=\"container\" data-e-type=\"container\">\n\t\t\t\t<div class=\"elementor-element elementor-element-f3a41d9 elementor-widget elementor-widget-button\" data-id=\"f3a41d9\" data-element_type=\"widget\" data-e-type=\"widget\" data-widget_type=\"button.default\">\n\t\t\t\t\t\t\t\t\t\t<a class=\"elementor-button elementor-button-link elementor-size-sm\" href=\"#popmake-3516\">\n\t\t\t\t\t\t<span class=\"elementor-button-content-wrapper\">\n\t\t\t\t\t\t\t\t\t<span class=\"elementor-button-text\">Bilgi Al<\/span>\n\t\t\t\t\t<\/span>\n\t\t\t\t\t<\/a>\n\t\t\t\t\t\t\t\t<\/div>\n\t\t\t\t<div class=\"elementor-element elementor-element-fe711fd elementor-widget elementor-widget-button\" data-id=\"fe711fd\" data-element_type=\"widget\" data-e-type=\"widget\" data-widget_type=\"button.default\">\n\t\t\t\t\t\t\t\t\t\t<a class=\"elementor-button elementor-button-link elementor-size-sm\" href=\"#popmake-2213\">\n\t\t\t\t\t\t<span class=\"elementor-button-content-wrapper\">\n\t\t\t\t\t\t\t\t\t<span class=\"elementor-button-text\">Hemen Ba\u015fvur<\/span>\n\t\t\t\t\t<\/span>\n\t\t\t\t\t<\/a>\n\t\t\t\t\t\t\t\t<\/div>\n\t\t\t\t<\/div>\n\t\t\t\t<\/div>\n\t\t\t\t<\/div>\n\t\t<div class=\"elementor-element elementor-element-72ceeae e-con-full e-flex e-con e-child\" data-id=\"72ceeae\" data-element_type=\"container\" data-e-type=\"container\">\n\t\t<div class=\"elementor-element elementor-element-d698c36 e-con-full e-flex e-con e-child\" data-id=\"d698c36\" data-element_type=\"container\" data-e-type=\"container\">\n\t\t\t\t<div class=\"elementor-element elementor-element-17006b7 elementor-widget elementor-widget-heading\" data-id=\"17006b7\" data-element_type=\"widget\" data-e-type=\"widget\" data-widget_type=\"heading.default\">\n\t\t\t\t\t<h2 class=\"elementor-heading-title elementor-size-default\">Resmi kurallara uygun dan\u0131\u015fmanl\u0131k<\/h2>\t\t\t\t<\/div>\n\t\t\t\t<\/div>\n\t\t<div class=\"elementor-element elementor-element-503d622 e-con-full e-flex e-con e-child\" data-id=\"503d622\" data-element_type=\"container\" data-e-type=\"container\">\n\t\t\t\t<div class=\"elementor-element elementor-element-30405bd elementor-widget elementor-widget-heading\" data-id=\"30405bd\" data-element_type=\"widget\" data-e-type=\"widget\" data-widget_type=\"heading.default\">\n\t\t\t\t\t<h2 class=\"elementor-heading-title elementor-size-default\">G\u00fcvenli veri iletimi (SSL korumal\u0131)<\/h2>\t\t\t\t<\/div>\n\t\t\t\t<\/div>\n\t\t<div class=\"elementor-element elementor-element-cc17d5e e-con-full e-flex e-con e-child\" data-id=\"cc17d5e\" data-element_type=\"container\" data-e-type=\"container\">\n\t\t\t\t<div class=\"elementor-element elementor-element-f5e749d elementor-widget elementor-widget-heading\" data-id=\"f5e749d\" data-element_type=\"widget\" data-e-type=\"widget\" data-widget_type=\"heading.default\">\n\t\t\t\t\t<h2 class=\"elementor-heading-title elementor-size-default\">Banka \u00fczerinden \u00f6deme<\/h2>\t\t\t\t<\/div>\n\t\t\t\t<\/div>\n\t\t<div class=\"elementor-element elementor-element-ff19007 e-con-full e-flex e-con e-child\" data-id=\"ff19007\" data-element_type=\"container\" data-e-type=\"container\">\n\t\t\t\t<div class=\"elementor-element elementor-element-28e85db elementor-widget elementor-widget-heading\" data-id=\"28e85db\" data-element_type=\"widget\" data-e-type=\"widget\" data-widget_type=\"heading.default\">\n\t\t\t\t\t<h2 class=\"elementor-heading-title elementor-size-default\">Ba\u015fvuru s\u00fcreci boyunca bilgilendirme<\/h2>\t\t\t\t<\/div>\n\t\t\t\t<\/div>\n\t\t\t\t<\/div>\n\t\t<div class=\"elementor-element elementor-element-2aaee05 e-con-full e-flex e-con e-child\" data-id=\"2aaee05\" data-element_type=\"container\" data-e-type=\"container\">\n\t\t\t\t<div class=\"elementor-element elementor-element-cf38e2b elementor-widget elementor-widget-text-editor\" data-id=\"cf38e2b\" data-element_type=\"widget\" data-e-type=\"widget\" data-widget_type=\"text-editor.default\">\n\t\t\t\t\t\t\t\t\t<p><span style=\"color: #ff0000;\">*<\/span> Vize ba\u015fvurular\u0131nda nihai karar ilgili \u00fclkenin resmi makamlar\u0131 taraf\u0131ndan verilmektedir.<\/p>\t\t\t\t\t\t\t\t<\/div>\n\t\t\t\t<\/div>\n\t\t\t\t\t<\/div>\n\t\t\t\t<\/div>\n\t\t<div class=\"elementor-element elementor-element-eea8582 e-flex e-con-boxed e-con e-parent\" data-id=\"eea8582\" data-element_type=\"container\" data-e-type=\"container\">\n\t\t\t\t\t<div class=\"e-con-inner\">\n\t\t\t\t<div class=\"elementor-element elementor-element-278f183 elementor-widget elementor-widget-image\" data-id=\"278f183\" data-element_type=\"widget\" data-e-type=\"widget\" data-widget_type=\"image.default\">\n\t\t\t\t\t\t\t\t\t\t\t\t\t\t\t<img decoding=\"async\" width=\"300\" height=\"29\" src=\"https:\/\/uaevac.com\/wp-content\/uploads\/2025\/12\/Famous-THY-300x29.png\" class=\"attachment-medium size-medium wp-image-2042\" alt=\"\" srcset=\"https:\/\/uaevac.com\/wp-content\/uploads\/2025\/12\/Famous-THY-300x29.png 300w, https:\/\/uaevac.com\/wp-content\/uploads\/2025\/12\/Famous-THY-768x75.png 768w, https:\/\/uaevac.com\/wp-content\/uploads\/2025\/12\/Famous-THY.png 927w\" sizes=\"(max-width: 300px) 100vw, 300px\" \/>\t\t\t\t\t\t\t\t\t\t\t\t\t\t\t<\/div>\n\t\t\t\t\t<\/div>\n\t\t\t\t<\/div>\n\t\t\t\t<\/div>\n\t\t","protected":false},"excerpt":{"rendered":"<p>Rusya Vizesi Bu formu bitirebilmek i\u00e7in taray\u0131c\u0131n\u0131zda JavaScript&#039;i etkinle\u015ftirin.Bu formu bitirebilmek i\u00e7in taray\u0131c\u0131n\u0131zda JavaScript&#039;i etkinle\u015ftirin.Ad \/ Soyad *Telefon *E-posta *RUSYA Vize T\u00fcr\u00fc *Vize T\u00fcr\u00fc Se\u00e7iniz *30 G\u00fcn TEK Giri\u015fli RUSYA Vizesi Hemen Ba\u015fvur Bilgileriniz yaln\u0131zca ba\u015fvuru s\u00fcreci i\u00e7in kullan\u0131l\u0131r, \u00fc\u00e7\u00fcnc\u00fc ki\u015filerle payla\u015f\u0131lmaz ve KVKK kapsam\u0131nda korunur. Vize Ba\u015fvuru S\u00fcreci Ba\u015fvuru Formunu Doldurun Online form ile [&hellip;]<\/p>\n","protected":false},"author":1,"featured_media":0,"parent":0,"menu_order":0,"comment_status":"closed","ping_status":"closed","template":"","meta":{"footnotes":""},"class_list":["post-2169","page","type-page","status-publish","hentry"],"blocksy_meta":{"vertical_spacing_source":"custom","content_area_spacing":"none","has_hero_section":"disabled","styles_descriptor":{"styles":{"desktop":"","tablet":"","mobile":""},"google_fonts":[],"version":6}},"_links":{"self":[{"href":"https:\/\/uaevac.com\/index.php\/wp-json\/wp\/v2\/pages\/2169","targetHints":{"allow":["GET"]}}],"collection":[{"href":"https:\/\/uaevac.com\/index.php\/wp-json\/wp\/v2\/pages"}],"about":[{"href":"https:\/\/uaevac.com\/index.php\/wp-json\/wp\/v2\/types\/page"}],"author":[{"embeddable":true,"href":"https:\/\/uaevac.com\/index.php\/wp-json\/wp\/v2\/users\/1"}],"replies":[{"embeddable":true,"href":"https:\/\/uaevac.com\/index.php\/wp-json\/wp\/v2\/comments?post=2169"}],"version-history":[{"count":21,"href":"https:\/\/uaevac.com\/index.php\/wp-json\/wp\/v2\/pages\/2169\/revisions"}],"predecessor-version":[{"id":3520,"href":"https:\/\/uaevac.com\/index.php\/wp-json\/wp\/v2\/pages\/2169\/revisions\/3520"}],"wp:attachment":[{"href":"https:\/\/uaevac.com\/index.php\/wp-json\/wp\/v2\/media?parent=2169"}],"curies":[{"name":"wp","href":"https:\/\/api.w.org\/{rel}","templated":true}]}}